{"id":1170,"date":"2017-10-04T12:11:04","date_gmt":"2017-10-04T17:11:04","guid":{"rendered":"https:\/\/finabien.gob.mx\/gobmx\/?page_id=1170"},"modified":"2017-10-04T12:17:12","modified_gmt":"2017-10-04T17:17:12","slug":"identidad-grafica-institucional-de-telecomunicaciones-de-mexico","status":"publish","type":"page","link":"https:\/\/finabien.gob.mx\/gobmx\/identidad-grafica-institucional-de-telecomunicaciones-de-mexico\/","title":{"rendered":"Identidad Grafica Institucional de Telecomunicaciones de M\u00e9xico"},"content":{"rendered":"<p><a href=\"https:\/\/finabien.gob.mx\/gobmx\/wp-content\/uploads\/2017\/10\/manualIdentidad.jpg\"><img fetchpriority=\"high\" decoding=\"async\" class=\"alignnone wp-image-1171\" src=\"https:\/\/finabien.gob.mx\/gobmx\/wp-content\/uploads\/2017\/10\/manualIdentidad.jpg\" alt=\"\" width=\"700\" height=\"236\" srcset=\"https:\/\/finabien.gob.mx\/gobmx\/wp-content\/uploads\/2017\/10\/manualIdentidad.jpg 950w, https:\/\/finabien.gob.mx\/gobmx\/wp-content\/uploads\/2017\/10\/manualIdentidad-150x51.jpg 150w\" sizes=\"(max-width: 700px) 100vw, 700px\" \/><\/a><\/p>\n<p>El Manual de Identidad Grafica Institucional de Telecomunicaciones de M\u00e9xico es el documento que establece las l\u00edneas generales de aplicaci\u00f3n de la imagen de la Administraci\u00f3n P\u00fablica Federal 2013-2018.<\/p>\n<p>Los lineamientos son de uso generalizado para TELECOMM, los cuales deber\u00e1n apegarse y cumplir, siendo de car\u00e1cter obligatorio el visto bueno y\/o autorizaci\u00f3n de la Gerencia de Innovacion e Imagen Institucional.<\/p>\n<p>El uso del logotipo Mover a M\u00e9xico deber\u00e1\u0301 ser autorizado de forma expresa y por escrito (oficio o correo electr\u00f3nico) por la Direcci\u00f3n General de Imagen de Presidencia a trav\u00e9s de la Gerencia de Innovaci\u00f3n e Imagen Institucional.\u200b<\/p>\n<h3>Manual de Identidad Gr\u00e1fica 2013 -2018<\/h3>\n<p><a href=\"https:\/\/finabien.gob.mx\/gobmx\/wp-content\/uploads\/2017\/10\/Manual_de_Identidad_Grafica_2013_2018.pdf\" data-cke-saved-href=\"https:\/\/finabien.gob.mx\/gobmx\/wp-content\/uploads\/2017\/10\/Manual_de_Identidad_Grafica_2013_2018.pdf\">Manual de Identidad Gr\u00e1fica 2013 -2018<\/a><\/p>\n<h3>Se\u00f1alizaci\u00f3n<\/h3>\n<p><a href=\"https:\/\/finabien.gob.mx\/gobmx\/wp-content\/uploads\/2017\/10\/Direccional.zip\" data-cke-saved-href=\"https:\/\/finabien.gob.mx\/gobmx\/wp-content\/uploads\/2017\/10\/Direccional.zip\">Direccional<\/a><\/p>\n<p><a href=\"https:\/\/finabien.gob.mx\/gobmx\/wp-content\/uploads\/2017\/10\/Servicios.zip\" data-cke-saved-href=\"https:\/\/finabien.gob.mx\/gobmx\/wp-content\/uploads\/2017\/10\/Servicios.zip\">Servicios<\/a><\/p>\n<h3>Logotipos<\/h3>\n<p><a href=\"https:\/\/finabien.gob.mx\/gobmx\/wp-content\/uploads\/2017\/10\/Gobierno_republica.zip\" data-cke-saved-href=\"https:\/\/finabien.gob.mx\/gobmx\/wp-content\/uploads\/2017\/10\/Gobierno_republica.zip\">Gobierno Republica<\/a><\/p>\n<p><a href=\"https:\/\/finabien.gob.mx\/gobmx\/wp-content\/uploads\/2017\/10\/MoveraMexico.zip\" data-cke-saved-href=\"https:\/\/finabien.gob.mx\/gobmx\/wp-content\/uploads\/2017\/10\/MoveraMexico.zip\">Mover a M\u00e9xico<\/a><\/p>\n<p><a href=\"https:\/\/finabien.gob.mx\/gobmx\/wp-content\/uploads\/2017\/10\/SCT.zip\" data-cke-saved-href=\"https:\/\/finabien.gob.mx\/gobmx\/wp-content\/uploads\/2017\/10\/SCT.zip\">SCT<\/a><\/p>\n<p><a href=\"https:\/\/finabien.gob.mx\/gobmx\/wp-content\/uploads\/2017\/10\/Logotipo_institucional.zip\" data-cke-saved-href=\"https:\/\/finabien.gob.mx\/gobmx\/wp-content\/uploads\/2017\/10\/Logotipo_institucional.zip\">Logotipo Institucional<\/a><\/p>\n<p><a href=\"https:\/\/finabien.gob.mx\/gobmx\/wp-content\/uploads\/2017\/10\/Giro_telegrafico.zip\" data-cke-saved-href=\"https:\/\/finabien.gob.mx\/gobmx\/wp-content\/uploads\/2017\/10\/Giro_telegrafico.zip\">Giro Telegrafico<\/a><\/p>\n<p><a href=\"https:\/\/finabien.gob.mx\/gobmx\/wp-content\/uploads\/2017\/10\/Telegrafos.zip\" data-cke-saved-href=\"https:\/\/finabien.gob.mx\/gobmx\/wp-content\/uploads\/2017\/10\/Telegrafos.zip\">Telegrafos<\/a><\/p>\n<p><a href=\"https:\/\/finabien.gob.mx\/gobmx\/wp-content\/uploads\/2017\/10\/Mexsat.zip\" data-cke-saved-href=\"https:\/\/finabien.gob.mx\/gobmx\/wp-content\/uploads\/2017\/10\/Mexsat.zip\">Mexsat<\/a><\/p>\n<p><a href=\"https:\/\/finabien.gob.mx\/gobmx\/wp-content\/uploads\/2017\/10\/Redes.zip\" data-cke-saved-href=\"https:\/\/finabien.gob.mx\/gobmx\/wp-content\/uploads\/2017\/10\/Redes.zip\">Redes<\/a><\/p>\n<p><a href=\"https:\/\/finabien.gob.mx\/gobmx\/wp-content\/uploads\/2017\/10\/Satelites.zip\" data-cke-saved-href=\"https:\/\/finabien.gob.mx\/gobmx\/wp-content\/uploads\/2017\/10\/Satelites.zip\">Satelites<\/a><\/p>\n<h3>Fuentes (Tipos de Letra)<\/h3>\n<p><a href=\"https:\/\/finabien.gob.mx\/gobmx\/wp-content\/uploads\/2017\/10\/Tipografias_Soberana.zip\" data-cke-saved-href=\"https:\/\/finabien.gob.mx\/gobmx\/wp-content\/uploads\/2017\/10\/Tipografias_Soberana.zip\">Soberana<\/a><\/p>\n<h3>Papeler\u00eda<\/h3>\n<p><a href=\"https:\/\/finabien.gob.mx\/gobmx\/wp-content\/uploads\/2017\/10\/Oficio.doc\" data-cke-saved-href=\"https:\/\/finabien.gob.mx\/gobmx\/wp-content\/uploads\/2017\/10\/Oficio.doc\">Oficio (word)<\/a><\/p>\n<p><a href=\"https:\/\/finabien.gob.mx\/gobmx\/wp-content\/uploads\/2017\/10\/Presentacion.ppt\" data-cke-saved-href=\"https:\/\/finabien.gob.mx\/gobmx\/wp-content\/uploads\/2017\/10\/Presentacion.ppt\">Presentaci\u00f3n (power point)<\/a><\/p>\n<h3>Contacto<\/h3>\n<p>Para cualquier duda o comentario respecto a la aplicaci\u00f3n y\/o contenido de este Manual comun\u00edquese con:<\/p>\n<p>Lic. Nadia Gabriela Nu\u00f1ez, Gerente de Innovaci\u00f3n e Imagen Institucional.<\/p>\n<p><a href=\"mailto:nadia.nunez@telecomm.gob.mx?subject=Identidad%20del%20Gobierno%20de%20la%20Rep%C3%BAblica%202013-2018%E2%80%8B%E2%80%8B%E2%80%8B%E2%80%8B%E2%80%8B%E2%80%8B%E2%80%8B\" data-cke-saved-href=\"mailto:nadia.nunez@telecomm.gob.mx?subject=Identidad%20del%20Gobierno%20de%20la%20Rep%C3%BAblica%202013-2018%E2%80%8B%E2%80%8B%E2%80%8B%E2%80%8B%E2%80%8B%E2%80%8B%E2%80%8B\">nadia.nunez@telecomm.gob.mx<\/a>, tel. 50901100 ext. 1127 \/ 1128<\/p>\n","protected":false},"excerpt":{"rendered":"<p>El Manual de Identidad Grafica Institucional de Telecomunicaciones de M\u00e9xico es el documento que establece las l\u00edneas generales de aplicaci\u00f3n de la imagen de la Administraci\u00f3n P\u00fablica Federal 2013-2018. Los lineamientos son de uso generalizado para TELECOMM, los cuales deber\u00e1n apegarse y cumplir, siendo de car\u00e1cter obligatorio el visto bueno y\/o autorizaci\u00f3n de la Gerencia &hellip;<\/p>\n<p class=\"read-more\"> <a class=\"\" href=\"https:\/\/finabien.gob.mx\/gobmx\/identidad-grafica-institucional-de-telecomunicaciones-de-mexico\/\"> <span class=\"screen-reader-text\">Identidad Grafica Institucional de Telecomunicaciones de M\u00e9xico<\/span> Read More &raquo;<\/a><\/p>\n","protected":false},"author":4,"featured_media":0,"parent":0,"menu_order":0,"comment_status":"closed","ping_status":"closed","template":"","meta":{"site-sidebar-layout":"default","site-content-layout":"default","ast-global-header-display":"","ast-banner-title-visibility":"","ast-main-header-display":"","ast-hfb-above-header-display":"","ast-hfb-below-header-display":"","ast-hfb-mobile-header-display":"","site-post-title":"","ast-breadcrumbs-content":"","ast-featured-img":"","footer-sml-layout":"","theme-transparent-header-meta":"","adv-header-id-meta":"","stick-header-meta":"","header-above-stick-meta":"","header-main-stick-meta":"","header-below-stick-meta":"","footnotes":""},"class_list":["post-1170","page","type-page","status-publish","hentry"],"_links":{"self":[{"href":"https:\/\/finabien.gob.mx\/gobmx\/wp-json\/wp\/v2\/pages\/1170","targetHints":{"allow":["GET"]}}],"collection":[{"href":"https:\/\/finabien.gob.mx\/gobmx\/wp-json\/wp\/v2\/pages"}],"about":[{"href":"https:\/\/finabien.gob.mx\/gobmx\/wp-json\/wp\/v2\/types\/page"}],"author":[{"embeddable":true,"href":"https:\/\/finabien.gob.mx\/gobmx\/wp-json\/wp\/v2\/users\/4"}],"replies":[{"embeddable":true,"href":"https:\/\/finabien.gob.mx\/gobmx\/wp-json\/wp\/v2\/comments?post=1170"}],"version-history":[{"count":0,"href":"https:\/\/finabien.gob.mx\/gobmx\/wp-json\/wp\/v2\/pages\/1170\/revisions"}],"wp:attachment":[{"href":"https:\/\/finabien.gob.mx\/gobmx\/wp-json\/wp\/v2\/media?parent=1170"}],"curies":[{"name":"wp","href":"https:\/\/api.w.org\/{rel}","templated":true}]}}