{"id":1982,"date":"2021-06-14T14:25:44","date_gmt":"2021-06-14T19:25:44","guid":{"rendered":"https:\/\/telecomm.gob.mx\/gobmx\/?page_id=1982"},"modified":"2023-08-02T13:30:57","modified_gmt":"2023-08-02T18:30:57","slug":"atencion-al-compromiso-9-pnccimgp-reporte-por-trimestre","status":"publish","type":"page","link":"https:\/\/finabien.gob.mx\/gobmx\/atencion-al-compromiso-9-pnccimgp-reporte-por-trimestre\/","title":{"rendered":"Atenci\u00f3n al Compromiso 9 PNCCIMGP, Reporte por Trimestre"},"content":{"rendered":"<p><a href=\"https:\/\/finabien.gob.mx\/gobmx\/programa-de-capacitacion-en-transparencia-acceso-a-la-informacion-proteccion-de-datos-personales-y-temas-relacionados-pctaipdp\/\">PROGRAMA DE CAPACITACI\u00d3N EN TRANSPARENCIA, ACCESO A LA INFORMACI\u00d3N, PROTECCI\u00d3N DE DATOS PERSONALES Y TEMAS RELACIONADOS\u00a0(PCTAIPDP)<\/a><\/p>\n","protected":false},"excerpt":{"rendered":"<p>PROGRAMA DE CAPACITACI\u00d3N EN TRANSPARENCIA, ACCESO A LA INFORMACI\u00d3N, PROTECCI\u00d3N DE DATOS PERSONALES Y TEMAS RELACIONADOS\u00a0(PCTAIPDP)<\/p>\n","protected":false},"author":4,"featured_media":0,"parent":0,"menu_order":0,"comment_status":"closed","ping_status":"closed","template":"","meta":{"site-sidebar-layout":"default","site-content-layout":"default","ast-global-header-display":"","ast-banner-title-visibility":"","ast-main-header-display":"","ast-hfb-above-header-display":"","ast-hfb-below-header-display":"","ast-hfb-mobile-header-display":"","site-post-title":"","ast-breadcrumbs-content":"","ast-featured-img":"","footer-sml-layout":"","theme-transparent-header-meta":"","adv-header-id-meta":"","stick-header-meta":"","header-above-stick-meta":"","header-main-stick-meta":"","header-below-stick-meta":"","footnotes":""},"class_list":["post-1982","page","type-page","status-publish","hentry"],"_links":{"self":[{"href":"https:\/\/finabien.gob.mx\/gobmx\/wp-json\/wp\/v2\/pages\/1982","targetHints":{"allow":["GET"]}}],"collection":[{"href":"https:\/\/finabien.gob.mx\/gobmx\/wp-json\/wp\/v2\/pages"}],"about":[{"href":"https:\/\/finabien.gob.mx\/gobmx\/wp-json\/wp\/v2\/types\/page"}],"author":[{"embeddable":true,"href":"https:\/\/finabien.gob.mx\/gobmx\/wp-json\/wp\/v2\/users\/4"}],"replies":[{"embeddable":true,"href":"https:\/\/finabien.gob.mx\/gobmx\/wp-json\/wp\/v2\/comments?post=1982"}],"version-history":[{"count":1,"href":"https:\/\/finabien.gob.mx\/gobmx\/wp-json\/wp\/v2\/pages\/1982\/revisions"}],"predecessor-version":[{"id":1986,"href":"https:\/\/finabien.gob.mx\/gobmx\/wp-json\/wp\/v2\/pages\/1982\/revisions\/1986"}],"wp:attachment":[{"href":"https:\/\/finabien.gob.mx\/gobmx\/wp-json\/wp\/v2\/media?parent=1982"}],"curies":[{"name":"wp","href":"https:\/\/api.w.org\/{rel}","templated":true}]}}