{"id":1988,"date":"2021-06-17T14:34:29","date_gmt":"2021-06-17T19:34:29","guid":{"rendered":"https:\/\/telecomm.gob.mx\/gobmx\/?page_id=1988"},"modified":"2024-06-26T16:14:10","modified_gmt":"2024-06-26T22:14:10","slug":"programa-de-capacitacion-en-transparencia-acceso-a-la-informacion-proteccion-de-datos-personales-y-temas-relacionados-pctaipdp","status":"publish","type":"page","link":"https:\/\/finabien.gob.mx\/gobmx\/programa-de-capacitacion-en-transparencia-acceso-a-la-informacion-proteccion-de-datos-personales-y-temas-relacionados-pctaipdp\/","title":{"rendered":"Programa de Capacitaci\u00f3n en Transparencia, Acceso a la Informaci\u00f3n, Protecci\u00f3n de Datos Personales y Temas Relacionados (PCTAIPDP)"},"content":{"rendered":"<p><a href=\"https:\/\/finabien.gob.mx\/gobmx\/wp-content\/uploads\/2024\/06\/Constancias-PCTAIPDP-2024-2-trimestre.pdf\">Constancias (PCTAIPDP 2024) 2 trimestre<\/a><\/p>\n<p><a href=\"https:\/\/finabien.gob.mx\/gobmx\/wp-content\/uploads\/2023\/12\/Constancias-PCTAIPDP-2023-4-trimestre.pdf\">Constancias (PCTAIPDP 2023) 4 trimestre<\/a><\/p>\n<p><a href=\"https:\/\/finabien.gob.mx\/gobmx\/wp-content\/uploads\/2023\/09\/Constancias-PCTAIPDP-2023-3-trimestre.pdf\">Constancias (PCTAIPDP 2023) 3 trimestre<\/a><\/p>\n<p><a href=\"https:\/\/finabien.gob.mx\/gobmx\/wp-content\/uploads\/2023\/07\/Constancias-PCTAIPDP-2023-2-trimestre.pdf\">Constancias (PCTAIPDP 2023) 2 trimestre<\/a><\/p>\n<p><a href=\"https:\/\/finabien.gob.mx\/gobmx\/wp-content\/uploads\/2023\/04\/PCTAIPDP-2023.pdf\">PCTAIPDP-2023<\/a><\/p>\n<p><a href=\"https:\/\/finabien.gob.mx\/gobmx\/wp-content\/uploads\/2022\/04\/Cedulas-de-deteccion-de-necesidades-de-capacitacion-en-materia-de-transparencia-finabien-2022.pdf\">Cedulas de detecci\u00f3n de necesidades de capacitaci\u00f3n en materia de transparencia (finabien 2022)<\/a><\/p>\n<p><a href=\"https:\/\/finabien.gob.mx\/gobmx\/wp-content\/uploads\/2022\/07\/PCTAIPDP-2022.pdf\">PCTAIPDP (2022)<\/a><\/p>\n<p><a href=\"https:\/\/finabien.gob.mx\/gobmx\/wp-content\/uploads\/2021\/06\/PCTAIPDP-2021.pdf\">PCTAIPDP (2021)<\/a><\/p>\n<p><a href=\"https:\/\/finabien.gob.mx\/gobmx\/wp-content\/uploads\/2022\/12\/Constancias-PCTAIPDP-2022-4-trimestre.pdf\">Constancias (PCTAIPDP 2022) 4 trimestre<\/a><\/p>\n<p><a href=\"https:\/\/finabien.gob.mx\/gobmx\/wp-content\/uploads\/2022\/10\/Constancias-PCTAIPDP-2022-3-trimestre.pdf\">Constancias (PCTAIPDP 2022) 3 trimestre<\/a><\/p>\n<p><a href=\"https:\/\/finabien.gob.mx\/gobmx\/wp-content\/uploads\/2022\/07\/Constancias-PCTAIPDP-2022-2-trimestre.pdf\">Constancias (PCTAIPDP 2022) 2 trimestre<\/a><\/p>\n<p><a href=\"https:\/\/finabien.gob.mx\/gobmx\/wp-content\/uploads\/2021\/07\/Constancias-PCTAIPDP-2021-2-trimestre.pdf\">Constancias (PCTAIPDP 2021) 2 trimestre<\/a><\/p>\n<p><a href=\"https:\/\/finabien.gob.mx\/gobmx\/wp-content\/uploads\/2021\/10\/Constancias-PCTAIPDP-2021-3-trimestre.pdf\">Constancias (PCTAIPDP 2021) 3 trimestre<\/a><\/p>\n<p><a href=\"https:\/\/finabien.gob.mx\/gobmx\/wp-content\/uploads\/2022\/01\/Constancias-PCTAIPDP-2021-4-trimestre.pdf\">Constancias (PCTAIPDP 2021) 4 trimestre<\/a><\/p>\n","protected":false},"excerpt":{"rendered":"<p>Constancias (PCTAIPDP 2024) 2 trimestre Constancias (PCTAIPDP 2023) 4 trimestre Constancias (PCTAIPDP 2023) 3 trimestre Constancias (PCTAIPDP 2023) 2 trimestre PCTAIPDP-2023 Cedulas de detecci\u00f3n de necesidades de capacitaci\u00f3n en materia de transparencia (finabien 2022) PCTAIPDP (2022) PCTAIPDP (2021) Constancias (PCTAIPDP 2022) 4 trimestre Constancias (PCTAIPDP 2022) 3 trimestre Constancias (PCTAIPDP 2022) 2 trimestre Constancias (PCTAIPDP &hellip;<\/p>\n<p class=\"read-more\"> <a class=\"\" href=\"https:\/\/finabien.gob.mx\/gobmx\/programa-de-capacitacion-en-transparencia-acceso-a-la-informacion-proteccion-de-datos-personales-y-temas-relacionados-pctaipdp\/\"> <span class=\"screen-reader-text\">Programa de Capacitaci\u00f3n en Transparencia, Acceso a la Informaci\u00f3n, Protecci\u00f3n de Datos Personales y Temas Relacionados (PCTAIPDP)<\/span> Read More &raquo;<\/a><\/p>\n","protected":false},"author":4,"featured_media":0,"parent":0,"menu_order":0,"comment_status":"closed","ping_status":"closed","template":"","meta":{"site-sidebar-layout":"default","site-content-layout":"default","ast-global-header-display":"","ast-banner-title-visibility":"","ast-main-header-display":"","ast-hfb-above-header-display":"","ast-hfb-below-header-display":"","ast-hfb-mobile-header-display":"","site-post-title":"","ast-breadcrumbs-content":"","ast-featured-img":"","footer-sml-layout":"","theme-transparent-header-meta":"default","adv-header-id-meta":"","stick-header-meta":"","header-above-stick-meta":"","header-main-stick-meta":"","header-below-stick-meta":"","footnotes":""},"class_list":["post-1988","page","type-page","status-publish","hentry"],"_links":{"self":[{"href":"https:\/\/finabien.gob.mx\/gobmx\/wp-json\/wp\/v2\/pages\/1988","targetHints":{"allow":["GET"]}}],"collection":[{"href":"https:\/\/finabien.gob.mx\/gobmx\/wp-json\/wp\/v2\/pages"}],"about":[{"href":"https:\/\/finabien.gob.mx\/gobmx\/wp-json\/wp\/v2\/types\/page"}],"author":[{"embeddable":true,"href":"https:\/\/finabien.gob.mx\/gobmx\/wp-json\/wp\/v2\/users\/4"}],"replies":[{"embeddable":true,"href":"https:\/\/finabien.gob.mx\/gobmx\/wp-json\/wp\/v2\/comments?post=1988"}],"version-history":[{"count":4,"href":"https:\/\/finabien.gob.mx\/gobmx\/wp-json\/wp\/v2\/pages\/1988\/revisions"}],"predecessor-version":[{"id":5961,"href":"https:\/\/finabien.gob.mx\/gobmx\/wp-json\/wp\/v2\/pages\/1988\/revisions\/5961"}],"wp:attachment":[{"href":"https:\/\/finabien.gob.mx\/gobmx\/wp-json\/wp\/v2\/media?parent=1988"}],"curies":[{"name":"wp","href":"https:\/\/api.w.org\/{rel}","templated":true}]}}