{"id":2038,"date":"2021-10-20T11:17:04","date_gmt":"2021-10-20T16:17:04","guid":{"rendered":"https:\/\/telecomm.gob.mx\/gobmx\/?page_id=2038"},"modified":"2024-09-17T12:31:41","modified_gmt":"2024-09-17T18:31:41","slug":"apertura-gubernamental","status":"publish","type":"page","link":"https:\/\/finabien.gob.mx\/gobmx\/apertura-gubernamental\/","title":{"rendered":"APERTURA GUBERNAMENTAL"},"content":{"rendered":"\t\t<div data-elementor-type=\"wp-page\" data-elementor-id=\"2038\" class=\"elementor elementor-2038\">\n\t\t\t\t\t\t<section class=\"elementor-section elementor-top-section elementor-element elementor-element-75d630af elementor-section-boxed elementor-section-height-default elementor-section-height-default\" data-id=\"75d630af\" data-element_type=\"section\">\n\t\t\t\t\t\t<div class=\"elementor-container elementor-column-gap-default\">\n\t\t\t\t\t<div class=\"elementor-column elementor-col-100 elementor-top-column elementor-element elementor-element-415ac5ea\" data-id=\"415ac5ea\" data-element_type=\"column\">\n\t\t\t<div class=\"elementor-widget-wrap elementor-element-populated\">\n\t\t\t\t\t\t<div class=\"elementor-element elementor-element-28d755a elementor-widget elementor-widget-text-editor\" data-id=\"28d755a\" data-element_type=\"widget\" data-widget_type=\"text-editor.default\">\n\t\t\t\t<div class=\"elementor-widget-container\">\n\t\t\t\t\t\t\t\t\t<hr class=\"red\">\t\t\t\t\t\t\t\t<\/div>\n\t\t\t\t<\/div>\n\t\t\t\t<div class=\"elementor-element elementor-element-87ee4c1 elementor-widget elementor-widget-toggle\" data-id=\"87ee4c1\" data-element_type=\"widget\" data-widget_type=\"toggle.default\">\n\t\t\t\t<div class=\"elementor-widget-container\">\n\t\t\t\t\t\t\t<div class=\"elementor-toggle\">\n\t\t\t\t\t\t\t<div class=\"elementor-toggle-item\">\n\t\t\t\t\t<div id=\"elementor-tab-title-1421\" class=\"elementor-tab-title\" data-tab=\"1\" role=\"button\" aria-controls=\"elementor-tab-content-1421\" aria-expanded=\"false\">\n\t\t\t\t\t\t\t\t\t\t\t\t<a class=\"elementor-toggle-title\" tabindex=\"0\">INFORMACI\u00d3N SOCIALMENTE \u00daTIL<\/a>\n\t\t\t\t\t<\/div>\n\n\t\t\t\t\t<div id=\"elementor-tab-content-1421\" class=\"elementor-tab-content elementor-clearfix\" data-tab=\"1\" role=\"region\" aria-labelledby=\"elementor-tab-title-1421\"><ul><li><a href=\"https:\/\/www.gob.mx\/finabien\/documentos\/tabuladores\">Tabulador de Sueldos y Salarios para la Financiera para el Bienestar <\/a><\/li><li><a href=\"https:\/\/dof.gob.mx\/nota_detalle.php?codigo=5669253&amp;fecha=21\/10\/2022#gsc.tab=0\">DECRETO por el que se modifica la denominaci\u00f3n del organismo descentralizado Telecomunicaciones de M\u00e9xico, Telecomm, para quedar como \u201cFinanciera para el Bienestar&#8221;<\/a><\/li><li><a href=\"https:\/\/www.finabien.gob.mx\/gobmx\/wp-content\/uploads\/2016\/04\/Estatuto%20Org%C3%A1nico%20de%20Telecomm%20(14%20DE%20FEBRERO%20DE%202018).pdf\">Estatuto Org\u00e1nico de Telecomunicaciones de M\u00e9xico (Vigente)<\/a><\/li><li><a href=\"https:\/\/www.finabien.gob.mx\/gobmx\/wp-content\/uploads\/2022\/09\/TCM-1000-D01-22.pdf\">Manual de Organizaci\u00f3n Institucional de Telecomunicaciones de M\u00e9xico (Vigente)<\/a><\/li><li><a href=\"https:\/\/www.gob.mx\/finabien\/documentos\/normateca-interna-99037\">Normateca Interna<\/a><\/li><li><a href=\"https:\/\/www.pef.hacienda.gob.mx\/work\/models\/atbnZdy0\/PEF2023\/ktp8ldcM\/docs\/09\/r09_kcz_feie.pdf\">Presupuesto<\/a><\/li><li><a href=\"https:\/\/www.gob.mx\/cms\/uploads\/attachment\/file\/591620\/Programa_Institucional_2020_-_2024_de_Telecomunicaciones_de_M_xico.pdf\">Programa Institucional 2020-2024<\/a><\/li><li><a href=\"https:\/\/www.gob.mx\/finabien\/documentos\/comite-de-etica-269290\">Comit\u00e9 de \u00c9tica<\/a><\/li><\/ul><p><strong>Archivos<\/strong><\/p><ul><li><a href=\"https:\/\/finabien.gob.mx\/gobmx\/wp-content\/uploads\/2024\/06\/PROGRAMA-ANUAL-DE-DESARROLLO-ARCHIVISTICO-2024.pdf\">Programa Anual de Desarrollo Archiv\u00edstico 2024<\/a><\/li><li><a href=\"https:\/\/www.finabien.gob.mx\/gobmx\/wp-content\/uploads\/2023\/01\/PADA-2023.pdf\">Programa Anual de Desarrollo Archiv\u00edstico 2023<\/a><\/li><li><a href=\"https:\/\/www.finabien.gob.mx\/gobmx\/wp-content\/uploads\/2019\/11\/CAT%C3%81LOGO%20DISPOSICI%C3%93N%20DOCUMENTAL%202018.pdf\">Cat\u00e1logo de Disposici\u00f3n Documental 2018<\/a><\/li><\/ul><p><strong>Firma de convenios con diversas Instituciones<\/strong><\/p><ul><li><a href=\"https:\/\/www.gob.mx\/finabien\/archivo\/galerias?idiom=es&amp;&amp;filter_origin=archive\">Fotos<\/a><\/li><li><a href=\"https:\/\/www.gob.mx\/finabien\/archivo\/videos?idiom=es&amp;filter_origin=archive\">videos<\/a><\/li><\/ul><p><strong>Rendici\u00f3n de Cuentas<\/strong><\/p><ul><li><a href=\"https:\/\/www.gob.mx\/cms\/uploads\/attachment\/file\/828119\/PlantillaAvanceResultados2022-FINABIEN.pdf\">Informe de Avance y Resultados 2022<\/a><\/li><li><a href=\"https:\/\/www.gob.mx\/cms\/uploads\/attachment\/file\/757552\/INFORME_a_2_a_os_DG_septiembre1_2022_ok_.pdf\">Informe y Ejercicio de rendici\u00f3n de cuentas<\/a><\/li><li><a href=\"https:\/\/www.finabien.gob.mx\/gobmx\/wp-content\/uploads\/2023\/02\/Informe-Final-Evaluacion-de-Procesos-TELECOMM-081122.pdf\">Programa Presupuestario E013 \u201cServicios de Telecomunicaciones, Sat\u00e9lites, Telegr\u00e1ficos y de Transferencia de Fondos\u201d<\/a><\/li><li><a href=\"https:\/\/www.gob.mx\/cms\/uploads\/attachment\/file\/754266\/E-013-2020-2021_DGPOP.pdf\">Diagn\u00f3stico del Programa E013<\/a><\/li><\/ul><\/div>\n\t\t\t\t<\/div>\n\t\t\t\t\t\t\t<div class=\"elementor-toggle-item\">\n\t\t\t\t\t<div id=\"elementor-tab-title-1422\" class=\"elementor-tab-title\" data-tab=\"2\" role=\"button\" aria-controls=\"elementor-tab-content-1422\" aria-expanded=\"false\">\n\t\t\t\t\t\t\t\t\t\t\t\t<a class=\"elementor-toggle-title\" tabindex=\"0\">INFORMACI\u00d3N P\u00daBLICA DE INTER\u00c9S GENERAL <\/a>\n\t\t\t\t\t<\/div>\n\n\t\t\t\t\t<div id=\"elementor-tab-content-1422\" class=\"elementor-tab-content elementor-clearfix\" data-tab=\"2\" role=\"region\" aria-labelledby=\"elementor-tab-title-1422\"><ul><li><a href=\"https:\/\/www.gob.mx\/finabien\/#7596\">Servicios FINABIEN<\/a><\/li><li><a href=\"https:\/\/datos.gob.mx\/busca\/dataset\/catalogo-de-servicios\/resource\/7f2c114e-25f5-4c4c-97c6-6226763a1230\">Servicios que se proporcionan a trav\u00e9s de la Red de Sucursales<\/a><\/li><li><a href=\"https:\/\/www.finabien.gob.mx\/gobmx\/sgst\/?_blank\">Directorio de la Red de Sucursales <\/a><\/li><\/ul><\/div>\n\t\t\t\t<\/div>\n\t\t\t\t\t\t\t<div class=\"elementor-toggle-item\">\n\t\t\t\t\t<div id=\"elementor-tab-title-1423\" class=\"elementor-tab-title\" data-tab=\"3\" role=\"button\" aria-controls=\"elementor-tab-content-1423\" aria-expanded=\"false\">\n\t\t\t\t\t\t\t\t\t\t\t\t<a class=\"elementor-toggle-title\" tabindex=\"0\">ATENCI\u00d3N AL COMPROMISO 9<\/a>\n\t\t\t\t\t<\/div>\n\n\t\t\t\t\t<div id=\"elementor-tab-content-1423\" class=\"elementor-tab-content elementor-clearfix\" data-tab=\"3\" role=\"region\" aria-labelledby=\"elementor-tab-title-1423\"><ul><li><a href=\"https:\/\/www.finabien.gob.mx\/gobmx\/atencion-al-compromiso-9-pnccimgp-reporte-por-trimestre\/\">Atenci\u00f3n al Compromiso 9<\/a><\/li><\/ul><\/div>\n\t\t\t\t<\/div>\n\t\t\t\t\t\t\t<div class=\"elementor-toggle-item\">\n\t\t\t\t\t<div id=\"elementor-tab-title-1424\" class=\"elementor-tab-title\" data-tab=\"4\" role=\"button\" aria-controls=\"elementor-tab-content-1424\" aria-expanded=\"false\">\n\t\t\t\t\t\t\t\t\t\t\t\t<a class=\"elementor-toggle-title\" tabindex=\"0\">INFORME DE RENDICI\u00d3N DE CUENTAS 2012-2018<\/a>\n\t\t\t\t\t<\/div>\n\n\t\t\t\t\t<div id=\"elementor-tab-content-1424\" class=\"elementor-tab-content elementor-clearfix\" data-tab=\"4\" role=\"region\" aria-labelledby=\"elementor-tab-title-1424\"><ul><li><a href=\"https:\/\/finabien.gob.mx\/gobmx\/wp-content\/uploads\/2024\/04\/Anexo_archivos.-definitivo.pdf\">Anexo_archivos. definitivo<\/a><\/li><li><a href=\"https:\/\/finabien.gob.mx\/gobmx\/wp-content\/uploads\/2024\/04\/Informe_Consolidado. Definitivo.pdf\" data-wplink-url-error=\"true\">Informe_Consolidado. Definitivo<\/a><\/li><li><a href=\"https:\/\/finabien.gob.mx\/gobmx\/wp-content\/uploads\/2024\/04\/Libro Blanco Red Troncal.pdf\" data-wplink-url-error=\"true\">Libro Blanco Red Troncal<\/a><\/li><li><a href=\"https:\/\/finabien.gob.mx\/gobmx\/wp-content\/uploads\/2024\/04\/Memoria-Documental-Mexico-Conetado-2012-2018.pdf\">Memoria Documental M\u00e9xico Conectado 2012-2018<\/a><\/li><li><a href=\"https:\/\/finabien.gob.mx\/gobmx\/wp-content\/uploads\/2024\/04\/Memoria-Documental-Prestacion-y-Ampliacion-de-Servicios-Financieros-Basicos-y-Cobertura-de-la-Red-de-Sucursales.pdf\">Memoria Documental Prestaci\u00f3n y Ampliaci\u00f3n de Servicios Financieros B\u00e1sicos y Cobertura de la Red de Sucursales<\/a><\/li><li><a href=\"https:\/\/finabien.gob.mx\/gobmx\/wp-content\/uploads\/2024\/04\/Memoria Documental Telecomunicaciones de M\u00e9xico, Operador del Sistema Satelital Mexicano Mexsat.pdf\" data-wplink-url-error=\"true\">Memoria Documental Telecomunicaciones de M\u00e9xico, Operador del Sistema Satelital Mexicano Mexsat<\/a><\/li><\/ul><\/div>\n\t\t\t\t<\/div>\n\t\t\t\t\t\t\t\t<\/div>\n\t\t\t\t\t\t<\/div>\n\t\t\t\t<\/div>\n\t\t\t\t\t<\/div>\n\t\t<\/div>\n\t\t\t\t\t<\/div>\n\t\t<\/section>\n\t\t\t\t<\/div>\n\t\t","protected":false},"excerpt":{"rendered":"<p>INFORMACI\u00d3N SOCIALMENTE \u00daTIL Tabulador de Sueldos y Salarios para la Financiera para el Bienestar DECRETO por el que se modifica la denominaci\u00f3n del organismo descentralizado Telecomunicaciones de M\u00e9xico, Telecomm, para quedar como \u201cFinanciera para el Bienestar&#8221; Estatuto Org\u00e1nico de Telecomunicaciones de M\u00e9xico (Vigente) Manual de Organizaci\u00f3n Institucional de Telecomunicaciones de M\u00e9xico (Vigente) Normateca Interna Presupuesto &hellip;<\/p>\n<p class=\"read-more\"> <a class=\"\" href=\"https:\/\/finabien.gob.mx\/gobmx\/apertura-gubernamental\/\"> <span class=\"screen-reader-text\">APERTURA GUBERNAMENTAL<\/span> Read More &raquo;<\/a><\/p>\n","protected":false},"author":4,"featured_media":0,"parent":0,"menu_order":0,"comment_status":"closed","ping_status":"closed","template":"","meta":{"site-sidebar-layout":"default","site-content-layout":"default","ast-global-header-display":"","ast-banner-title-visibility":"","ast-main-header-display":"","ast-hfb-above-header-display":"","ast-hfb-below-header-display":"","ast-hfb-mobile-header-display":"","site-post-title":"","ast-breadcrumbs-content":"","ast-featured-img":"","footer-sml-layout":"","theme-transparent-header-meta":"","adv-header-id-meta":"","stick-header-meta":"","header-above-stick-meta":"","header-main-stick-meta":"","header-below-stick-meta":"","footnotes":""},"class_list":["post-2038","page","type-page","status-publish","hentry"],"_links":{"self":[{"href":"https:\/\/finabien.gob.mx\/gobmx\/wp-json\/wp\/v2\/pages\/2038","targetHints":{"allow":["GET"]}}],"collection":[{"href":"https:\/\/finabien.gob.mx\/gobmx\/wp-json\/wp\/v2\/pages"}],"about":[{"href":"https:\/\/finabien.gob.mx\/gobmx\/wp-json\/wp\/v2\/types\/page"}],"author":[{"embeddable":true,"href":"https:\/\/finabien.gob.mx\/gobmx\/wp-json\/wp\/v2\/users\/4"}],"replies":[{"embeddable":true,"href":"https:\/\/finabien.gob.mx\/gobmx\/wp-json\/wp\/v2\/comments?post=2038"}],"version-history":[{"count":24,"href":"https:\/\/finabien.gob.mx\/gobmx\/wp-json\/wp\/v2\/pages\/2038\/revisions"}],"predecessor-version":[{"id":6363,"href":"https:\/\/finabien.gob.mx\/gobmx\/wp-json\/wp\/v2\/pages\/2038\/revisions\/6363"}],"wp:attachment":[{"href":"https:\/\/finabien.gob.mx\/gobmx\/wp-json\/wp\/v2\/media?parent=2038"}],"curies":[{"name":"wp","href":"https:\/\/api.w.org\/{rel}","templated":true}]}}