{"id":3291,"date":"2023-07-14T17:31:54","date_gmt":"2023-07-14T22:31:54","guid":{"rendered":"https:\/\/telecomm.gob.mx\/gobmx\/?page_id=3291"},"modified":"2024-05-28T13:08:18","modified_gmt":"2024-05-28T19:08:18","slug":"gobierno-abierto","status":"publish","type":"page","link":"https:\/\/finabien.gob.mx\/gobmx\/gobierno-abierto\/","title":{"rendered":"GOBIERNO ABIERTO"},"content":{"rendered":"<hr class=\"red\">\nLa Financiera para el Bienestar no tiene Acuerdos adoptados en la Alianza para el Gobierno Abierto, ni cuenta con Mecanismos de Participaci\u00f3n Ciudadana.<\/p>\n<p>En la siguiente liga podr\u00e1 consultar los planes de acci\u00f3n nacionales que comprenden el conjunto de compromisos creados de manera colaborativa por sociedad y gobierno bajo el liderazgo del Comit\u00e9 Coordinador, en el marco de la participaci\u00f3n de <strong>M\u00e9xico en la Alianza para el Gobierno Abierto: <\/strong><strong>\u00a0<\/strong><\/p>\n<p><a href=\"https:\/\/portal-transparencia.funcionpublica.gob.mx\/gobierno-abierto\/mexico-en-la-alianza-para-el-gobierno-abierto\/\">https:\/\/portal-transparencia.funcionpublica.gob.mx\/gobierno-abierto\/mexico-en-la-alianza-para-el-gobierno-abierto\/<\/a><\/p>\n","protected":false},"excerpt":{"rendered":"<p>La Financiera para el Bienestar no tiene Acuerdos adoptados en la Alianza para el Gobierno Abierto, ni cuenta con Mecanismos de Participaci\u00f3n Ciudadana. En la siguiente liga podr\u00e1 consultar los planes de acci\u00f3n nacionales que comprenden el conjunto de compromisos creados de manera colaborativa por sociedad y gobierno bajo el liderazgo del Comit\u00e9 Coordinador, en &hellip;<\/p>\n<p class=\"read-more\"> <a class=\"\" href=\"https:\/\/finabien.gob.mx\/gobmx\/gobierno-abierto\/\"> <span class=\"screen-reader-text\">GOBIERNO ABIERTO<\/span> Read More &raquo;<\/a><\/p>\n","protected":false},"author":4,"featured_media":0,"parent":0,"menu_order":0,"comment_status":"closed","ping_status":"closed","template":"","meta":{"site-sidebar-layout":"default","site-content-layout":"default","ast-global-header-display":"","ast-banner-title-visibility":"","ast-main-header-display":"","ast-hfb-above-header-display":"","ast-hfb-below-header-display":"","ast-hfb-mobile-header-display":"","site-post-title":"","ast-breadcrumbs-content":"","ast-featured-img":"","footer-sml-layout":"","theme-transparent-header-meta":"default","adv-header-id-meta":"","stick-header-meta":"","header-above-stick-meta":"","header-main-stick-meta":"","header-below-stick-meta":"","footnotes":""},"class_list":["post-3291","page","type-page","status-publish","hentry"],"_links":{"self":[{"href":"https:\/\/finabien.gob.mx\/gobmx\/wp-json\/wp\/v2\/pages\/3291","targetHints":{"allow":["GET"]}}],"collection":[{"href":"https:\/\/finabien.gob.mx\/gobmx\/wp-json\/wp\/v2\/pages"}],"about":[{"href":"https:\/\/finabien.gob.mx\/gobmx\/wp-json\/wp\/v2\/types\/page"}],"author":[{"embeddable":true,"href":"https:\/\/finabien.gob.mx\/gobmx\/wp-json\/wp\/v2\/users\/4"}],"replies":[{"embeddable":true,"href":"https:\/\/finabien.gob.mx\/gobmx\/wp-json\/wp\/v2\/comments?post=3291"}],"version-history":[{"count":1,"href":"https:\/\/finabien.gob.mx\/gobmx\/wp-json\/wp\/v2\/pages\/3291\/revisions"}],"predecessor-version":[{"id":5741,"href":"https:\/\/finabien.gob.mx\/gobmx\/wp-json\/wp\/v2\/pages\/3291\/revisions\/5741"}],"wp:attachment":[{"href":"https:\/\/finabien.gob.mx\/gobmx\/wp-json\/wp\/v2\/media?parent=3291"}],"curies":[{"name":"wp","href":"https:\/\/api.w.org\/{rel}","templated":true}]}}