{"id":683,"date":"2016-03-07T15:55:08","date_gmt":"2016-03-07T21:55:08","guid":{"rendered":"https:\/\/finabien.gob.mx\/gobmx\/?page_id=683"},"modified":"2020-03-19T07:35:42","modified_gmt":"2020-03-19T13:35:42","slug":"informacion-general-del-inai-y-archivos","status":"publish","type":"page","link":"https:\/\/finabien.gob.mx\/gobmx\/informacion-general-del-inai-y-archivos\/","title":{"rendered":"Informaci\u00f3n General del INAI y Archivos"},"content":{"rendered":"<p>En este apartado puede consultar informaci\u00f3n relacionada con archivos de tr\u00e1mite, as\u00ed como los criterios y resoluciones del Comit\u00e9 de Informaci\u00f3n de TELECOMM, y seguimiento a solicitudes de informaci\u00f3n de los ciudadanos.<\/p>\n<h3>Documentos<\/h3>\n<hr class=\"red\" \/>\n<p class=\"dm_title\"><a href=\"https:\/\/finabien.gob.mx\/gobmx\/cumplimiento-en-materia-de-archivos\/\">Cumplimiento en Materia de Archivos<\/a><\/p>\n<p class=\"dm_title\"><a href=\"https:\/\/finabien.gob.mx\/gobmx\/acuerdos\/\">Criterios y resoluciones del comite de informaci\u00f3n<\/a><\/p>\n<p class=\"dm_title\"><a href=\"https:\/\/finabien.gob.mx\/gobmx\/wp-content\/uploads\/2016\/03\/Listado-sistema-datos-personales.pdf\">Listado de sistemas de datos personales<\/a><\/p>\n<p class=\"dm_title\"><a href=\"https:\/\/finabien.gob.mx\/gobmx\/seguimiento-de-solicitudes-de-informacion\/\">Seguimiento de solicitudes de informaci\u00f3n<\/a><\/p>\n<p class=\"dm_title\"><a href=\"https:\/\/finabien.gob.mx\/gobmx\/respuesta-a-solicitudes-de-informacion\/\">Respuesta a solicitudes de Informaci\u00f3n<\/a><\/p>\n","protected":false},"excerpt":{"rendered":"<p>En este apartado puede consultar informaci\u00f3n relacionada con archivos de tr\u00e1mite, as\u00ed como los criterios y resoluciones del Comit\u00e9 de Informaci\u00f3n de TELECOMM, y seguimiento a solicitudes de informaci\u00f3n de los ciudadanos. Documentos Cumplimiento en Materia de Archivos Criterios y resoluciones del comite de informaci\u00f3n Listado de sistemas de datos personales Seguimiento de solicitudes de &hellip;<\/p>\n<p class=\"read-more\"> <a class=\"\" href=\"https:\/\/finabien.gob.mx\/gobmx\/informacion-general-del-inai-y-archivos\/\"> <span class=\"screen-reader-text\">Informaci\u00f3n General del INAI y Archivos<\/span> Read More &raquo;<\/a><\/p>\n","protected":false},"author":4,"featured_media":0,"parent":0,"menu_order":0,"comment_status":"closed","ping_status":"closed","template":"","meta":{"site-sidebar-layout":"default","site-content-layout":"default","ast-global-header-display":"","ast-banner-title-visibility":"","ast-main-header-display":"","ast-hfb-above-header-display":"","ast-hfb-below-header-display":"","ast-hfb-mobile-header-display":"","site-post-title":"","ast-breadcrumbs-content":"","ast-featured-img":"","footer-sml-layout":"","theme-transparent-header-meta":"","adv-header-id-meta":"","stick-header-meta":"","header-above-stick-meta":"","header-main-stick-meta":"","header-below-stick-meta":"","footnotes":""},"class_list":["post-683","page","type-page","status-publish","hentry"],"_links":{"self":[{"href":"https:\/\/finabien.gob.mx\/gobmx\/wp-json\/wp\/v2\/pages\/683","targetHints":{"allow":["GET"]}}],"collection":[{"href":"https:\/\/finabien.gob.mx\/gobmx\/wp-json\/wp\/v2\/pages"}],"about":[{"href":"https:\/\/finabien.gob.mx\/gobmx\/wp-json\/wp\/v2\/types\/page"}],"author":[{"embeddable":true,"href":"https:\/\/finabien.gob.mx\/gobmx\/wp-json\/wp\/v2\/users\/4"}],"replies":[{"embeddable":true,"href":"https:\/\/finabien.gob.mx\/gobmx\/wp-json\/wp\/v2\/comments?post=683"}],"version-history":[{"count":0,"href":"https:\/\/finabien.gob.mx\/gobmx\/wp-json\/wp\/v2\/pages\/683\/revisions"}],"wp:attachment":[{"href":"https:\/\/finabien.gob.mx\/gobmx\/wp-json\/wp\/v2\/media?parent=683"}],"curies":[{"name":"wp","href":"https:\/\/api.w.org\/{rel}","templated":true}]}}