{"id":688,"date":"2016-03-07T15:59:14","date_gmt":"2016-03-07T21:59:14","guid":{"rendered":"https:\/\/finabien.gob.mx\/gobmx\/?page_id=688"},"modified":"2025-02-28T09:36:26","modified_gmt":"2025-02-28T15:36:26","slug":"cumplimiento-en-materia-de-archivos","status":"publish","type":"page","link":"https:\/\/finabien.gob.mx\/gobmx\/cumplimiento-en-materia-de-archivos\/","title":{"rendered":"Cumplimiento en Materia de Archivos"},"content":{"rendered":"<hr class=\"red\" \/>\n<p>En este apartado puede consultar informaci\u00f3n relacionada con archivos de tr\u00e1mite, as\u00ed como los criterios y resoluciones del Comit\u00e9 de Informaci\u00f3n de FINABIEN, y seguimiento a solicitudes de informaci\u00f3n de los ciudadanos.<\/p>\n<p><strong>Tr\u00e1mite de Baja Documental<\/strong><\/p>\n<ul>\n<li><a href=\"https:\/\/finabien.gob.mx\/gobmx\/wp-content\/uploads\/2021\/04\/Lineamientos-para-el-tr\u00e1mite-de-destino-final-de-la-APF.pdf\">Lineamientos para el tr\u00e1mite de destino final de la APF<\/a><\/li>\n<li><a href=\"https:\/\/finabien.gob.mx\/gobmx\/wp-content\/uploads\/2021\/04\/Norma-del-Archivo-Contable.pdf\">Norma del Archivo Contable<\/a><\/li>\n<li><a href=\"https:\/\/finabien.gob.mx\/gobmx\/wp-content\/uploads\/2021\/04\/Cat\u00e1logo-de-Disposici\u00f3n-Documental-2013.pdf\">Cat\u00e1logo de Disposici\u00f3n Documental 2013<\/a><\/li>\n<li><a href=\"https:\/\/finabien.gob.mx\/gobmx\/wp-content\/uploads\/2021\/04\/Formato-para-la-baja-de-documentaci\u00f3n-administrativa-2005-2016.xlsx\">Formato para la baja de documentaci\u00f3n administrativa 2005-2016<\/a><\/li>\n<li><a href=\"https:\/\/finabien.gob.mx\/gobmx\/wp-content\/uploads\/2021\/04\/Formato-para-la-baja-de-documentaci\u00f3n-contable-2005-2016.xlsx\">Formato para la baja de documentaci\u00f3n contable 2005-2016<\/a><\/li>\n<li><a href=\"https:\/\/finabien.gob.mx\/gobmx\/wp-content\/uploads\/2021\/04\/Formato-para-la-baja-de-documentaci\u00f3n-administrativa-2004-y-anteriores.xlsx\">Formato para la baja de documentaci\u00f3n administrativa 2004 y anteriores<\/a><\/li>\n<li><a href=\"https:\/\/finabien.gob.mx\/gobmx\/wp-content\/uploads\/2021\/04\/Formato-para-la-baja-de-documentaci\u00f3n-contable-2004-y-anteriores.xlsx\">Formato para la baja de documentaci\u00f3n contable 2004 y anteriores<\/a><\/li>\n<\/ul>\n<p><strong>Programa Anual de Desarrollo Archiv\u00edstico<\/strong><\/p>\n<ul>\n<li><a href=\"https:\/\/finabien.gob.mx\/gobmx\/wp-content\/uploads\/2025\/02\/INFORME-DE-CUMPLIMIENTO-PADA-2024.pdf\">INFORME DE CUMPLIMIENTO PADA 2024<\/a><\/li>\n<li><a href=\"https:\/\/finabien.gob.mx\/gobmx\/wp-content\/uploads\/2025\/02\/PROGRAMA-ANUAL-DE-DESARROLLO-ARCHIVISTICO-2025.pdf\">PROGRAMA ANUAL DE DESARROLLO ARCHIVISTICO 2025<\/a><\/li>\n<li><a href=\"https:\/\/finabien.gob.mx\/gobmx\/wp-content\/uploads\/2024\/06\/PROGRAMA-ANUAL-DE-DESARROLLO-ARCHIVISTICO-2024.pdf\">PROGRAMA ANUAL DE DESARROLLO ARCHIV\u00cdSTICO 2024<\/a><\/li>\n<li><a href=\"https:\/\/finabien.gob.mx\/gobmx\/wp-content\/uploads\/2023\/01\/PADA-2023.pdf\">PROGRAMA ANUAL DE DESARROLLO ARCHIV\u00cdSTICO 2023<\/a><\/li>\n<li><a href=\"https:\/\/finabien.gob.mx\/gobmx\/wp-content\/uploads\/2023\/03\/INFORME-DEL-PROGRAMA-ANUAL-DE-DESARROLLO-ARCHIVISTICO-2022.pdf\">INFORME DEL PROGRAMA ANUAL DE DESARROLLO ARCHIV\u00cdSTICO 2022<\/a><\/li>\n<li><a href=\"https:\/\/finabien.gob.mx\/gobmx\/wp-content\/uploads\/2022\/03\/Programa-Anual-de-Desarrollo-Archivistico-2022.pdf\">Programa Anual de Desarrollo Archivistico 2022<\/a><\/li>\n<li><a href=\"https:\/\/finabien.gob.mx\/gobmx\/wp-content\/uploads\/2022\/07\/Informe-del-Programa-Anual-de-Desarrollo-Archivistico-2021.pdf\">Informe del Programa Anual de Desarrollo Archivistico 2021<\/a><\/li>\n<li><a href=\"https:\/\/finabien.gob.mx\/gobmx\/wp-content\/uploads\/2021\/11\/Cuadro-General-de-Clasificacion-2021.pdf\">Cuadro General de Clasificaci\u00f3n<\/a><\/li>\n<li><a href=\"https:\/\/finabien.gob.mx\/gobmx\/wp-content\/uploads\/2021\/01\/PROGRAMA-ANUAL-DE-DESARROLLO-ARCHIV\u00cdSTICO-2021.1.pdf\">Programa Anual de Desarrollo Archivistico 2021.1<\/a><\/li>\n<li><a href=\"https:\/\/finabien.gob.mx\/gobmx\/wp-content\/uploads\/2021\/01\/INFORME-DE-CUMPLIMIENTO-DEL-PADA-2020.1.pdf\">Informe de Cumplimiento del PADA 2020.1<\/a><\/li>\n<li><a href=\"https:\/\/finabien.gob.mx\/gobmx\/wp-content\/uploads\/2020\/01\/PADA 2020.pdf\">Programa Anual de Desarrollo Archiv\u00edstico 2020<\/a><\/li>\n<li><a href=\"https:\/\/indices.ifai.org.mx\/wb2\/IFAI\/Sistema_de_Indices?op=Buscar&amp;ope=Buscar&amp;BaseId=2\">Vinculo con el \u00edndice de expedientes reservados <\/a><\/li>\n<li><a href=\"https:\/\/finabien.gob.mx\/gobmx\/wp-content\/uploads\/2019\/11\/CAT\u00c1LOGO DISPOSICI\u00d3N DOCUMENTAL 2018.pdf\">Cat\u00e1logo de Disposici\u00f3n Documental 2018<\/a><\/li>\n<\/ul>\n<p><strong>Gu\u00eda Simple<\/strong><\/p>\n<ul>\n<li><a href=\"https:\/\/finabien.gob.mx\/gobmx\/wp-content\/uploads\/2022\/07\/2022-GUIA-SIMPLE-DE-ARCHIVOS.xlsx\">GU\u00cdA DE ARCHIVO DOCUMENTAL<\/a><\/li>\n<\/ul>\n<p class=\"dm_title\"><strong>Actas de Baja Documental<\/strong><\/p>\n<ul>\n<li><a href=\"https:\/\/finabien.gob.mx\/gobmx\/wp-content\/uploads\/2021\/04\/Acta-de-Baja-Documental-0038.pdf\">Acta de Baja Documental 0038\/2019<\/a><\/li>\n<li><a href=\"https:\/\/finabien.gob.mx\/gobmx\/wp-content\/uploads\/2021\/04\/Acta-de-Baja-Documental-0039.pdf\">Acta de Baja Documental 0039\/2019<\/a><\/li>\n<li><a href=\"https:\/\/finabien.gob.mx\/gobmx\/wp-content\/uploads\/2021\/04\/Acta-de-Baja-Documental-0040.pdf\">Acta de Baja Documental 0040\/2019<\/a><\/li>\n<li><a href=\"https:\/\/finabien.gob.mx\/gobmx\/wp-content\/uploads\/2021\/04\/Acta-de-Baja-Documental-0041.pdf\">Acta de Baja Documental 0041\/2019<\/a><\/li>\n<li><a href=\"https:\/\/finabien.gob.mx\/gobmx\/wp-content\/uploads\/2020\/10\/ACTA-DE-BAJA-DOCUMENTAL-003.2018.pdf\">Acta de Baja Documental 003 &#8211; 2018<\/a><\/li>\n<li><a href=\"https:\/\/finabien.gob.mx\/gobmx\/wp-content\/uploads\/2020\/10\/ACTA-DE-BAJA-DOCUMENTAL-055.2017.pdf\">Acta de Baja Documental 055 &#8211; 2017<\/a><\/li>\n<li><a href=\"https:\/\/finabien.gob.mx\/gobmx\/wp-content\/uploads\/2018\/03\/ACTA-DE-BAJA-DOCUMENTAL-055-2017.pdf\">Acta de Baja Documental 055 &#8211; 2017<\/a><\/li>\n<li><a href=\"https:\/\/finabien.gob.mx\/gobmx\/wp-content\/uploads\/2020\/10\/ACTA-DE-BAJA-DOCUMENTAL-0424.2015.pdf\">Acta de Baja Documental 0424 &#8211; 2015<\/a><\/li>\n<li><a href=\"https:\/\/finabien.gob.mx\/gobmx\/wp-content\/uploads\/2020\/10\/ACTA-DE-BAJA-DOCUMENTAL-0425.2015.pdf\">Acta de Baja Documental 0425 &#8211; 2015<\/a><\/li>\n<li><a href=\"https:\/\/finabien.gob.mx\/gobmx\/wp-content\/uploads\/2016\/03\/acta-baja-documental-282.pdf\">Acta de Baja Documental 282 &#8211; 2014 <\/a><\/li>\n<li><a href=\"https:\/\/finabien.gob.mx\/gobmx\/wp-content\/uploads\/2016\/03\/acta-baja-documental-0637.pdf\">Acta de Baja Documental 0637 &#8211; 2013 <\/a><\/li>\n<li><a href=\"https:\/\/finabien.gob.mx\/gobmx\/wp-content\/uploads\/2016\/03\/acta-baja-documental-0414.pdf\">Acta de Baja Documental 0414 &#8211; 2013<\/a><\/li>\n<li><a href=\"https:\/\/finabien.gob.mx\/gobmx\/wp-content\/uploads\/2016\/03\/acta-baja-documental-0342.pdf\">Acta de Baja Documental 0342 &#8211; 2013 <\/a><\/li>\n<li><a href=\"https:\/\/finabien.gob.mx\/gobmx\/wp-content\/uploads\/2016\/03\/acta-baja-documental-0253.pdf\">Acta de Baja Documental 0253 &#8211; 2013 <\/a><\/li>\n<li><a href=\"https:\/\/finabien.gob.mx\/gobmx\/wp-content\/uploads\/2016\/03\/acta-baja-documental-1039.pdf\">Acta de Baja Documental 1039 &#8211; 2012<\/a><\/li>\n<li><a href=\"https:\/\/finabien.gob.mx\/gobmx\/wp-content\/uploads\/2016\/03\/acta-baja-documental-1002.pdf\">Acta de Baja Documental 1002 &#8211; 2012 <\/a><\/li>\n<li><a href=\"https:\/\/finabien.gob.mx\/gobmx\/wp-content\/uploads\/2016\/03\/acta-baja-documental-0352.pdf\">Acta de Baja Documental 0352 &#8211; 2012<\/a><\/li>\n<li class=\"dm_title\"><a title=\"Acta de Baja Documental 0608 - 2012\" href=\"https:\/\/finabien.gob.mx\/gobmx\/wp-content\/uploads\/2016\/03\/acta-baja-documental-0608.pdf\">Acta de Baja Documental 0608 &#8211; 2012 <\/a><\/li>\n<li class=\"dm_title\"><a title=\"Acta de Baja Documental 0635 - 2012\" href=\"https:\/\/finabien.gob.mx\/gobmx\/wp-content\/uploads\/2016\/03\/acta-baja-documental-0635.pdf\">Acta de Baja Documental 0635 &#8211; 2012 <\/a><\/li>\n<li class=\"dm_title\"><a title=\"Acta de Baja Documental 0345 - 2012\" href=\"https:\/\/finabien.gob.mx\/gobmx\/wp-content\/uploads\/2016\/03\/acta-baja-documental-0345.pdf\">Acta de Baja Documental 0345 &#8211; 2012 <\/a><\/li>\n<li class=\"dm_title\"><a title=\"Acta de Baja Documental 0381 - 2012\" href=\"https:\/\/finabien.gob.mx\/gobmx\/wp-content\/uploads\/2016\/03\/acta-baja-documental-0381.pdf\">Acta de Baja Documental 0381 &#8211; 2012 <\/a><\/li>\n<li><a href=\"https:\/\/finabien.gob.mx\/gobmx\/wp-content\/uploads\/2016\/03\/acta-baja-documental-0963.pdf\">Acta de Baja Documental 0963 &#8211; 2012 <\/a><\/li>\n<li><a href=\"https:\/\/finabien.gob.mx\/gobmx\/wp-content\/uploads\/2016\/03\/acta-baja-documental-0335.pdf\">Acta de Baja Documental 0335 &#8211; 2012 <\/a><\/li>\n<li><a href=\"https:\/\/finabien.gob.mx\/gobmx\/wp-content\/uploads\/2016\/03\/acta-baja-documental-0679.pdf\">Acta de Baja Documental 0679 &#8211; 2012 <\/a><\/li>\n<li><a href=\"https:\/\/finabien.gob.mx\/gobmx\/wp-content\/uploads\/2016\/03\/acta-baja-documental-1268.pdf\">Acta de Baja Documental 1268 &#8211; 2012 <\/a><\/li>\n<li><a href=\"https:\/\/finabien.gob.mx\/gobmx\/wp-content\/uploads\/2016\/03\/acta-baja-documental-1089.pdf\">Acta de Baja Documental 1089 &#8211; 2012 <\/a><\/li>\n<li><a href=\"https:\/\/finabien.gob.mx\/gobmx\/wp-content\/uploads\/2016\/03\/acta-baja-documental-1048.pdf\">Acta de Baja Documental 1048 &#8211; 2012 <\/a><\/li>\n<li><a href=\"https:\/\/finabien.gob.mx\/gobmx\/wp-content\/uploads\/2016\/03\/acta-baja-documental-1010.pdf\">Acta de Baja Documental 1010 &#8211; 2012 <\/a><\/li>\n<li><a href=\"https:\/\/finabien.gob.mx\/gobmx\/wp-content\/uploads\/2016\/03\/acta-baja-documental-636.pdf\">Acta de Baja Documental 636 &#8211; 2012 <\/a><\/li>\n<li><a href=\"https:\/\/finabien.gob.mx\/gobmx\/wp-content\/uploads\/2016\/03\/acta-baja-documental-246.pdf\">Acta de Baja Documental 246 &#8211; 2012 <\/a><\/li>\n<li><a href=\"https:\/\/finabien.gob.mx\/gobmx\/wp-content\/uploads\/2016\/03\/acta-baja-documental-213.pdf\">Acta de Baja Documental 213 &#8211; 2012 <\/a><\/li>\n<li><a href=\"https:\/\/finabien.gob.mx\/gobmx\/wp-content\/uploads\/2016\/03\/acta-baja-documental-210.pdf\">Acta de Baja Documental 210 &#8211; 2012 <\/a><\/li>\n<li><a href=\"https:\/\/finabien.gob.mx\/gobmx\/wp-content\/uploads\/2016\/03\/acta-baja-documental-083.pdf\">Acta de Baja Documental 083 &#8211; 2012<\/a><\/li>\n<li><a href=\"https:\/\/finabien.gob.mx\/gobmx\/wp-content\/uploads\/2016\/03\/acta-baja-documental-080.pdf\">Acta de Baja Documental 080 &#8211; 2012 <\/a><\/li>\n<li><a href=\"https:\/\/finabien.gob.mx\/gobmx\/wp-content\/uploads\/2016\/03\/acta-baja-documental-063.pdf\">Acta de Baja Documental 063 &#8211; 2012<\/a><\/li>\n<li><a href=\"https:\/\/finabien.gob.mx\/gobmx\/wp-content\/uploads\/2016\/03\/acta-baja-documental-062.pdf\">Acta de Baja Documental 062 &#8211; 2012<\/a><\/li>\n<li><a href=\"https:\/\/finabien.gob.mx\/gobmx\/wp-content\/uploads\/2016\/03\/acta-baja-documental-1451.pdf\">Acta de Baja Documental 1451 &#8211; 2011<\/a><\/li>\n<li><a href=\"https:\/\/finabien.gob.mx\/gobmx\/wp-content\/uploads\/2016\/03\/acta-baja-documental-1433.pdf\">Acta de Baja Documental 1433 &#8211; 2011 <\/a><\/li>\n<li><a href=\"https:\/\/finabien.gob.mx\/gobmx\/wp-content\/uploads\/2016\/03\/acta-baja-documental-1098.pdf\">Acta de Baja Documental 1098 &#8211; 2011<\/a><\/li>\n<li><a href=\"https:\/\/finabien.gob.mx\/gobmx\/wp-content\/uploads\/2016\/03\/acta-baja-documental-967.pdf\">Acta de Baja Documental 967 &#8211; 2011<\/a><\/li>\n<li><a href=\"https:\/\/finabien.gob.mx\/gobmx\/wp-content\/uploads\/2016\/03\/acta-baja-documental-687.pdf\">Acta de Baja Documental 687 &#8211; 2011 <\/a><\/li>\n<li><a href=\"https:\/\/finabien.gob.mx\/gobmx\/wp-content\/uploads\/2016\/03\/acta-baja-documental-142.pdf\">Acta de Baja Documental 142 &#8211; 2011 <\/a><\/li>\n<li><a href=\"https:\/\/finabien.gob.mx\/gobmx\/wp-content\/uploads\/2016\/03\/acta-baja-documental-950.pdf\">Acta de Baja Documental 950 &#8211; 2010<\/a><\/li>\n<li><a href=\"https:\/\/finabien.gob.mx\/gobmx\/wp-content\/uploads\/2016\/03\/acta-baja-documental-946.pdf\">Acta de Baja Documental 946 &#8211; 2010<\/a><\/li>\n<li><a href=\"https:\/\/finabien.gob.mx\/gobmx\/wp-content\/uploads\/2016\/03\/acta-baja-documental-281.pdf\">Acta de Baja Documental 281 &#8211; 2008<\/a><\/li>\n<li><a href=\"https:\/\/finabien.gob.mx\/gobmx\/wp-content\/uploads\/2016\/03\/acta-baja-documental-048.pdf\">Acta de Baja Documental 048 &#8211; 2008<\/a><\/li>\n<li><a href=\"https:\/\/finabien.gob.mx\/gobmx\/wp-content\/uploads\/2016\/03\/acta-baja-documental-047.pdf\">Acta de Baja Documental 047 &#8211; 2008<\/a><\/li>\n<li><a href=\"https:\/\/finabien.gob.mx\/gobmx\/wp-content\/uploads\/2016\/03\/acta-baja-documental-046.pdf\">Acta de Baja Documental 046 &#8211; 2008<\/a><\/li>\n<li><a href=\"https:\/\/finabien.gob.mx\/gobmx\/wp-content\/uploads\/2016\/03\/acta-baja-documental-568.pdf\">Acta de Baja Documental 568 &#8211; 2007<\/a><\/li>\n<li><a href=\"https:\/\/finabien.gob.mx\/gobmx\/wp-content\/uploads\/2016\/03\/acta-baja-documental-500.pdf\">Acta de Baja Documental 500 &#8211; 2007<\/a><\/li>\n<li><a href=\"https:\/\/finabien.gob.mx\/gobmx\/wp-content\/uploads\/2016\/03\/acta-baja-documental-482.pdf\">Acta de Baja Documental 482 &#8211; 2007<\/a><\/li>\n<li><a href=\"https:\/\/finabien.gob.mx\/gobmx\/wp-content\/uploads\/2016\/03\/acta-baja-documental-356.pdf\">Acta de Baja Documental 356 &#8211; 2007<\/a><\/li>\n<li><a href=\"https:\/\/finabien.gob.mx\/gobmx\/wp-content\/uploads\/2016\/03\/acta-baja-documental-300.pdf\">Acta de Baja Documental 300 &#8211; 2007<\/a><\/li>\n<li><a href=\"https:\/\/finabien.gob.mx\/gobmx\/wp-content\/uploads\/2016\/03\/acta-baja-documental-274.pdf\">Acta de Baja Documental 274 &#8211; 2007<\/a><\/li>\n<li><a href=\"https:\/\/finabien.gob.mx\/gobmx\/wp-content\/uploads\/2016\/03\/acta-baja-documental-374.pdf\">Acta de Baja Documental 374 &#8211; 2005<\/a><\/li>\n<li><a href=\"https:\/\/finabien.gob.mx\/gobmx\/wp-content\/uploads\/2016\/03\/acta-baja-documental-285.pdf\">Acta de Baja Documental 285 &#8211; 2005<\/a><\/li>\n<li><a href=\"https:\/\/finabien.gob.mx\/gobmx\/wp-content\/uploads\/2016\/03\/acta-baja-documental-136.pdf\">Acta de Baja Documental 136 &#8211; 2005<\/a><\/li>\n<li><a href=\"https:\/\/finabien.gob.mx\/gobmx\/wp-content\/uploads\/2016\/03\/acta-baja-documental-123.pdf\">Acta de Baja Documental 123 &#8211; 2005<\/a><\/li>\n<li><a href=\"https:\/\/finabien.gob.mx\/gobmx\/wp-content\/uploads\/2016\/03\/acta-baja-documental-102.pdf\">Acta de Baja Documental 102 &#8211; 2005<\/a><\/li>\n<li><a href=\"https:\/\/finabien.gob.mx\/gobmx\/wp-content\/uploads\/2016\/03\/acta-baja-documental-385.pdf\">Acta de Baja Documental 385 &#8211; 2004<\/a><\/li>\n<li><a href=\"https:\/\/finabien.gob.mx\/gobmx\/wp-content\/uploads\/2016\/03\/acta-baja-documental-373.pdf\">Acta de Baja Documental 373 &#8211; 2004<\/a><\/li>\n<li><a href=\"https:\/\/finabien.gob.mx\/gobmx\/wp-content\/uploads\/2016\/03\/acta-baja-documental-370.pdf\">Acta de Baja Documental 370 &#8211; 2004<\/a><\/li>\n<li><a href=\"https:\/\/finabien.gob.mx\/gobmx\/wp-content\/uploads\/2016\/03\/acta-baja-documental-369.pdf\">Acta de Baja Documental 369 &#8211; 2004<\/a><\/li>\n<li><a href=\"https:\/\/finabien.gob.mx\/gobmx\/wp-content\/uploads\/2016\/03\/acta-baja-documental-346.pdf\">Acta de Baja Documental 346 &#8211; 2004<\/a><\/li>\n<li><a href=\"https:\/\/finabien.gob.mx\/gobmx\/wp-content\/uploads\/2016\/03\/acta-baja-documental-316.pdf\">Acta de Baja Documental 316 &#8211; 2004<\/a><\/li>\n<li><a href=\"https:\/\/finabien.gob.mx\/gobmx\/wp-content\/uploads\/2016\/03\/acta-baja-documental-279.pdf\">Acta de Baja Documental 279 &#8211; 2004<\/a><\/li>\n<li><a href=\"https:\/\/finabien.gob.mx\/gobmx\/wp-content\/uploads\/2016\/03\/acta-baja-documental-227.pdf\">Acta de Baja Documental 227 &#8211; 2004<\/a><\/li>\n<li><a href=\"https:\/\/finabien.gob.mx\/gobmx\/wp-content\/uploads\/2022\/04\/Direccion_Recursos_Humanos.zip\">Direcci\u00f3n de Recursos Humanos<\/a><\/li>\n<\/ul>\n","protected":false},"excerpt":{"rendered":"<p>En este apartado puede consultar informaci\u00f3n relacionada con archivos de tr\u00e1mite, as\u00ed como los criterios y resoluciones del Comit\u00e9 de Informaci\u00f3n de FINABIEN, y seguimiento a solicitudes de informaci\u00f3n de los ciudadanos. Tr\u00e1mite de Baja Documental Lineamientos para el tr\u00e1mite de destino final de la APF Norma del Archivo Contable Cat\u00e1logo de Disposici\u00f3n Documental 2013 &hellip;<\/p>\n<p class=\"read-more\"> <a class=\"\" href=\"https:\/\/finabien.gob.mx\/gobmx\/cumplimiento-en-materia-de-archivos\/\"> <span class=\"screen-reader-text\">Cumplimiento en Materia de Archivos<\/span> Read More &raquo;<\/a><\/p>\n","protected":false},"author":4,"featured_media":0,"parent":0,"menu_order":0,"comment_status":"closed","ping_status":"closed","template":"","meta":{"site-sidebar-layout":"default","site-content-layout":"default","ast-global-header-display":"","ast-banner-title-visibility":"","ast-main-header-display":"","ast-hfb-above-header-display":"","ast-hfb-below-header-display":"","ast-hfb-mobile-header-display":"","site-post-title":"","ast-breadcrumbs-content":"","ast-featured-img":"","footer-sml-layout":"","theme-transparent-header-meta":"default","adv-header-id-meta":"","stick-header-meta":"","header-above-stick-meta":"","header-main-stick-meta":"","header-below-stick-meta":"","footnotes":""},"class_list":["post-688","page","type-page","status-publish","hentry"],"_links":{"self":[{"href":"https:\/\/finabien.gob.mx\/gobmx\/wp-json\/wp\/v2\/pages\/688","targetHints":{"allow":["GET"]}}],"collection":[{"href":"https:\/\/finabien.gob.mx\/gobmx\/wp-json\/wp\/v2\/pages"}],"about":[{"href":"https:\/\/finabien.gob.mx\/gobmx\/wp-json\/wp\/v2\/types\/page"}],"author":[{"embeddable":true,"href":"https:\/\/finabien.gob.mx\/gobmx\/wp-json\/wp\/v2\/users\/4"}],"replies":[{"embeddable":true,"href":"https:\/\/finabien.gob.mx\/gobmx\/wp-json\/wp\/v2\/comments?post=688"}],"version-history":[{"count":17,"href":"https:\/\/finabien.gob.mx\/gobmx\/wp-json\/wp\/v2\/pages\/688\/revisions"}],"predecessor-version":[{"id":7181,"href":"https:\/\/finabien.gob.mx\/gobmx\/wp-json\/wp\/v2\/pages\/688\/revisions\/7181"}],"wp:attachment":[{"href":"https:\/\/finabien.gob.mx\/gobmx\/wp-json\/wp\/v2\/media?parent=688"}],"curies":[{"name":"wp","href":"https:\/\/api.w.org\/{rel}","templated":true}]}}