{"id":819,"date":"2016-03-08T11:12:51","date_gmt":"2016-03-08T17:12:51","guid":{"rendered":"https:\/\/finabien.gob.mx\/gobmx\/?page_id=819"},"modified":"2024-12-11T16:37:03","modified_gmt":"2024-12-11T22:37:03","slug":"proteccion-de-datos-personales","status":"publish","type":"page","link":"https:\/\/finabien.gob.mx\/gobmx\/proteccion-de-datos-personales\/","title":{"rendered":"PROTECCI\u00d3N DE DATOS PERSONALES"},"content":{"rendered":"\t\t<div data-elementor-type=\"wp-page\" data-elementor-id=\"819\" class=\"elementor elementor-819\">\n\t\t\t\t\t\t<section class=\"elementor-section elementor-top-section elementor-element elementor-element-627458d1 elementor-section-boxed elementor-section-height-default elementor-section-height-default\" data-id=\"627458d1\" data-element_type=\"section\">\n\t\t\t\t\t\t<div class=\"elementor-container elementor-column-gap-default\">\n\t\t\t\t\t<div class=\"elementor-column elementor-col-100 elementor-top-column elementor-element elementor-element-a014560\" data-id=\"a014560\" data-element_type=\"column\">\n\t\t\t<div class=\"elementor-widget-wrap elementor-element-populated\">\n\t\t\t\t\t\t<div class=\"elementor-element elementor-element-25706b2 elementor-widget elementor-widget-text-editor\" data-id=\"25706b2\" data-element_type=\"widget\" data-widget_type=\"text-editor.default\">\n\t\t\t\t<div class=\"elementor-widget-container\">\n\t\t\t\t\t\t\t\t\t<hr class=\"red\">\t\t\t\t\t\t\t\t<\/div>\n\t\t\t\t<\/div>\n\t\t\t\t<div class=\"elementor-element elementor-element-cf22fab elementor-widget elementor-widget-toggle\" data-id=\"cf22fab\" data-element_type=\"widget\" data-widget_type=\"toggle.default\">\n\t\t\t\t<div class=\"elementor-widget-container\">\n\t\t\t\t\t\t\t<div class=\"elementor-toggle\">\n\t\t\t\t\t\t\t<div class=\"elementor-toggle-item\">\n\t\t\t\t\t<div id=\"elementor-tab-title-2171\" class=\"elementor-tab-title\" data-tab=\"1\" role=\"button\" aria-controls=\"elementor-tab-content-2171\" aria-expanded=\"false\">\n\t\t\t\t\t\t\t\t\t\t\t\t<a class=\"elementor-toggle-title\" tabindex=\"0\">Avisos de Privacidad<\/a>\n\t\t\t\t\t<\/div>\n\n\t\t\t\t\t<div id=\"elementor-tab-content-2171\" class=\"elementor-tab-content elementor-clearfix\" data-tab=\"1\" role=\"region\" aria-labelledby=\"elementor-tab-title-2171\"><ul><li><a href=\"https:\/\/www.gob.mx\/finabien\/documentos\/aviso-de-privacidad-152853\">Aviso de privacidad integral de la Financiera para el Bienestar<\/a><\/li><\/ul><\/div>\n\t\t\t\t<\/div>\n\t\t\t\t\t\t\t<div class=\"elementor-toggle-item\">\n\t\t\t\t\t<div id=\"elementor-tab-title-2172\" class=\"elementor-tab-title\" data-tab=\"2\" role=\"button\" aria-controls=\"elementor-tab-content-2172\" aria-expanded=\"false\">\n\t\t\t\t\t\t\t\t\t\t\t\t<a class=\"elementor-toggle-title\" tabindex=\"0\">Datos de Contacto de la Unidad de Trasparencia<\/a>\n\t\t\t\t\t<\/div>\n\n\t\t\t\t\t<div id=\"elementor-tab-content-2172\" class=\"elementor-tab-content elementor-clearfix\" data-tab=\"2\" role=\"region\" aria-labelledby=\"elementor-tab-title-2172\"><ul><li><a href=\"https:\/\/finabien.gob.mx\/gobmx\/acceso-a-la-informacion\/\">Acceso a la informaci\u00f3n<\/a><\/li><\/ul><\/div>\n\t\t\t\t<\/div>\n\t\t\t\t\t\t\t<div class=\"elementor-toggle-item\">\n\t\t\t\t\t<div id=\"elementor-tab-title-2173\" class=\"elementor-tab-title\" data-tab=\"3\" role=\"button\" aria-controls=\"elementor-tab-content-2173\" aria-expanded=\"false\">\n\t\t\t\t\t\t\t\t\t\t\t\t<a class=\"elementor-toggle-title\" tabindex=\"0\">Informaci\u00f3n Relevante en Materia de Datos Personales<\/a>\n\t\t\t\t\t<\/div>\n\n\t\t\t\t\t<div id=\"elementor-tab-content-2173\" class=\"elementor-tab-content elementor-clearfix\" data-tab=\"3\" role=\"region\" aria-labelledby=\"elementor-tab-title-2173\"><ul><li><a href=\"https:\/\/finabien.gob.mx\/gobmx\/wp-content\/uploads\/2024\/12\/Anexo-8.-Formato-obligatorio-para-publicacion-de-medios-de-verificacion.pdf\">Anexo 8. Formato obligatorio para publicaci\u00f3n de medios de verificaci\u00f3n<\/a><\/li><\/ul><\/div>\n\t\t\t\t<\/div>\n\t\t\t\t\t\t\t<div class=\"elementor-toggle-item\">\n\t\t\t\t\t<div id=\"elementor-tab-title-2174\" class=\"elementor-tab-title\" data-tab=\"4\" role=\"button\" aria-controls=\"elementor-tab-content-2174\" aria-expanded=\"false\">\n\t\t\t\t\t\t\t\t\t\t\t\t<a class=\"elementor-toggle-title\" tabindex=\"0\">Normatividad<\/a>\n\t\t\t\t\t<\/div>\n\n\t\t\t\t\t<div id=\"elementor-tab-content-2174\" class=\"elementor-tab-content elementor-clearfix\" data-tab=\"4\" role=\"region\" aria-labelledby=\"elementor-tab-title-2174\"><ul><li><a href=\"https:\/\/www.diputados.gob.mx\/LeyesBiblio\/pdf\/LGPDPPSO.pdf\">Ley General de Protecci\u00f3n de Datos Personales en Posesi\u00f3n de Sujetos Obligados<\/a><\/li><li><a href=\"http:\/\/diariooficial.gob.mx\/nota_detalle.php?codigo=5511540&amp;fecha=26\/01\/2018#gsc.tab=0\">Lineamientos Generales de Protecci\u00f3n de Datos Personales para el Sector P\u00fablico<\/a><\/li><\/ul><\/div>\n\t\t\t\t<\/div>\n\t\t\t\t\t\t\t<div class=\"elementor-toggle-item\">\n\t\t\t\t\t<div id=\"elementor-tab-title-2175\" class=\"elementor-tab-title\" data-tab=\"5\" role=\"button\" aria-controls=\"elementor-tab-content-2175\" aria-expanded=\"false\">\n\t\t\t\t\t\t\t\t\t\t\t\t<a class=\"elementor-toggle-title\" tabindex=\"0\">Ejercicio de Derechos de Acceso, Rectificaci\u00f3n, Cancelaci\u00f3n y Oposici\u00f3n (ARCO)<\/a>\n\t\t\t\t\t<\/div>\n\n\t\t\t\t\t<div id=\"elementor-tab-content-2175\" class=\"elementor-tab-content elementor-clearfix\" data-tab=\"5\" role=\"region\" aria-labelledby=\"elementor-tab-title-2175\"><ul><li><a href=\"https:\/\/www.finabien.gob.mx\/gobmx\/wp-content\/uploads\/2023\/06\/Formato-Derechos-Arco.docx\">Solicitud de Acceso, Rectificaci\u00f3n, Cancelaci\u00f3n, Oposici\u00f3n y Portabilidad De Datos Personales<\/a><\/li><li><a href=\"https:\/\/www.finabien.gob.mx\/gobmx\/wp-content\/uploads\/2023\/08\/drh.pdf\">Solicitud M\u00faltiple para Tr\u00e1mites en el Departamento de Servicios Personales<\/a><\/li><li><a href=\"https:\/\/www.finabien.gob.mx\/gobmx\/wp-content\/uploads\/2023\/06\/Formato-para-solicitudes.docx\">Solicitud de Informaci\u00f3n de Datos Personales<\/a><\/li><\/ul><\/div>\n\t\t\t\t<\/div>\n\t\t\t\t\t\t\t<div class=\"elementor-toggle-item\">\n\t\t\t\t\t<div id=\"elementor-tab-title-2176\" class=\"elementor-tab-title\" data-tab=\"6\" role=\"button\" aria-controls=\"elementor-tab-content-2176\" aria-expanded=\"false\">\n\t\t\t\t\t\t\t\t\t\t\t\t<a class=\"elementor-toggle-title\" tabindex=\"0\">Gu\u00eda para solicitar la expedici\u00f3n de la Hoja \u00danica de Servicios a trav\u00e9s del Portal Institucional de la Financiera para el Bienestar antes Telecomunicaciones de M\u00e9xico<\/a>\n\t\t\t\t\t<\/div>\n\n\t\t\t\t\t<div id=\"elementor-tab-content-2176\" class=\"elementor-tab-content elementor-clearfix\" data-tab=\"6\" role=\"region\" aria-labelledby=\"elementor-tab-title-2176\"><ul><li class=\"bottom-buffer\"><a href=\"https:\/\/www.gob.mx\/cms\/uploads\/attachment\/file\/907423\/PROCEDIMIENTO_PARA_SOLICITUD_DE_HOJA_UNICA_DE_SERVICIO.pdf\">Procedimiento para solicitud de Hoja \u00danica de Servicio<\/a><\/li><\/ul><h2>\u00a0<\/h2><\/div>\n\t\t\t\t<\/div>\n\t\t\t\t\t\t\t<div class=\"elementor-toggle-item\">\n\t\t\t\t\t<div id=\"elementor-tab-title-2177\" class=\"elementor-tab-title\" data-tab=\"7\" role=\"button\" aria-controls=\"elementor-tab-content-2177\" aria-expanded=\"false\">\n\t\t\t\t\t\t\t\t\t\t\t\t<a class=\"elementor-toggle-title\" tabindex=\"0\">Programa de Capacitaci\u00f3n<\/a>\n\t\t\t\t\t<\/div>\n\n\t\t\t\t\t<div id=\"elementor-tab-content-2177\" class=\"elementor-tab-content elementor-clearfix\" data-tab=\"7\" role=\"region\" aria-labelledby=\"elementor-tab-title-2177\"><ul><li><a href=\"https:\/\/finabien.gob.mx\/gobmx\/wp-content\/uploads\/2024\/08\/PROGRAMA-DE-CAPACITACION-2024-1.pdf\">PROGRAMA DE CAPACITACION 2024<\/a><\/li><\/ul><\/div>\n\t\t\t\t<\/div>\n\t\t\t\t\t\t\t<div class=\"elementor-toggle-item\">\n\t\t\t\t\t<div id=\"elementor-tab-title-2178\" class=\"elementor-tab-title\" data-tab=\"8\" role=\"button\" aria-controls=\"elementor-tab-content-2178\" aria-expanded=\"false\">\n\t\t\t\t\t\t\t\t\t\t\t\t<a class=\"elementor-toggle-title\" tabindex=\"0\">Material de Apoyo en Protecci\u00f3n de Datos Personales<\/a>\n\t\t\t\t\t<\/div>\n\n\t\t\t\t\t<div id=\"elementor-tab-content-2178\" class=\"elementor-tab-content elementor-clearfix\" data-tab=\"8\" role=\"region\" aria-labelledby=\"elementor-tab-title-2178\"><ul><li><a href=\"https:\/\/home.inai.org.mx\/wp-content\/documentos\/Publicaciones\/Documentos\/DICCIONARIO_PDP_digital.pdf\">ABC Diccionario de Protecci\u00f3n de Datos<\/a><\/li><li><a href=\"https:\/\/www.gob.mx\/cms\/uploads\/attachment\/file\/772233\/Guia_Titulares_Datos_Personales_Vol._1.pdf\">Gu\u00eda de Protecci\u00f3n de Datos Vol.1<\/a><\/li><li><a href=\"https:\/\/www.gob.mx\/cms\/uploads\/attachment\/file\/772234\/Guia_Titulares_Datos_Personales_Vol._2.pdf\">Gu\u00eda de Protecci\u00f3n de Datos Vol.2 <\/a><\/li><li><a href=\"https:\/\/www.gob.mx\/cms\/uploads\/attachment\/file\/772235\/Guia_Titulares_Datos_Personales_Vol._3.pdf\">Gu\u00eda de Protecci\u00f3n de Datos Vol.3<\/a><\/li><li><a href=\"https:\/\/www.gob.mx\/cms\/uploads\/attachment\/file\/772236\/Guia_Titulares_Datos_Personales_Vol._4.pdf\">Gu\u00eda de Protecci\u00f3n de Datos Vol.4<\/a><\/li><\/ul><\/div>\n\t\t\t\t<\/div>\n\t\t\t\t\t\t\t\t<\/div>\n\t\t\t\t\t\t<\/div>\n\t\t\t\t<\/div>\n\t\t\t\t\t<\/div>\n\t\t<\/div>\n\t\t\t\t\t<\/div>\n\t\t<\/section>\n\t\t\t\t<\/div>\n\t\t","protected":false},"excerpt":{"rendered":"<p>Avisos de Privacidad Aviso de privacidad integral de la Financiera para el Bienestar Datos de Contacto de la Unidad de Trasparencia Acceso a la informaci\u00f3n Informaci\u00f3n Relevante en Materia de Datos Personales Anexo 8. Formato obligatorio para publicaci\u00f3n de medios de verificaci\u00f3n Normatividad Ley General de Protecci\u00f3n de Datos Personales en Posesi\u00f3n de Sujetos Obligados &hellip;<\/p>\n<p class=\"read-more\"> <a class=\"\" href=\"https:\/\/finabien.gob.mx\/gobmx\/proteccion-de-datos-personales\/\"> <span class=\"screen-reader-text\">PROTECCI\u00d3N DE DATOS PERSONALES<\/span> Read More &raquo;<\/a><\/p>\n","protected":false},"author":4,"featured_media":0,"parent":0,"menu_order":0,"comment_status":"closed","ping_status":"closed","template":"","meta":{"site-sidebar-layout":"default","site-content-layout":"default","ast-global-header-display":"","ast-banner-title-visibility":"","ast-main-header-display":"","ast-hfb-above-header-display":"","ast-hfb-below-header-display":"","ast-hfb-mobile-header-display":"","site-post-title":"","ast-breadcrumbs-content":"","ast-featured-img":"","footer-sml-layout":"","theme-transparent-header-meta":"","adv-header-id-meta":"","stick-header-meta":"","header-above-stick-meta":"","header-main-stick-meta":"","header-below-stick-meta":"","footnotes":""},"class_list":["post-819","page","type-page","status-publish","hentry"],"_links":{"self":[{"href":"https:\/\/finabien.gob.mx\/gobmx\/wp-json\/wp\/v2\/pages\/819","targetHints":{"allow":["GET"]}}],"collection":[{"href":"https:\/\/finabien.gob.mx\/gobmx\/wp-json\/wp\/v2\/pages"}],"about":[{"href":"https:\/\/finabien.gob.mx\/gobmx\/wp-json\/wp\/v2\/types\/page"}],"author":[{"embeddable":true,"href":"https:\/\/finabien.gob.mx\/gobmx\/wp-json\/wp\/v2\/users\/4"}],"replies":[{"embeddable":true,"href":"https:\/\/finabien.gob.mx\/gobmx\/wp-json\/wp\/v2\/comments?post=819"}],"version-history":[{"count":45,"href":"https:\/\/finabien.gob.mx\/gobmx\/wp-json\/wp\/v2\/pages\/819\/revisions"}],"predecessor-version":[{"id":6523,"href":"https:\/\/finabien.gob.mx\/gobmx\/wp-json\/wp\/v2\/pages\/819\/revisions\/6523"}],"wp:attachment":[{"href":"https:\/\/finabien.gob.mx\/gobmx\/wp-json\/wp\/v2\/media?parent=819"}],"curies":[{"name":"wp","href":"https:\/\/api.w.org\/{rel}","templated":true}]}}