{"id":900,"date":"2025-04-14T13:00:18","date_gmt":"2025-04-14T19:00:18","guid":{"rendered":"https:\/\/finabien.gob.mx\/gobmx\/?page_id=900"},"modified":"2025-11-04T12:54:05","modified_gmt":"2025-11-04T18:54:05","slug":"acceso-a-la-informacion","status":"publish","type":"page","link":"https:\/\/finabien.gob.mx\/gobmx\/acceso-a-la-informacion\/","title":{"rendered":"ACCESO A LA INFORMACI\u00d3N"},"content":{"rendered":"<hr class=\"red\" \/>\n<h3>Unidad de Transparencia<\/h3>\n<p>La Unidad de Transparencia de la Financiera para el Bienestar se encuentra facultada para atender las funciones establecidas en el Art\u00edculo 42 de la Ley General de Transparencia y Acceso a la Informaci\u00f3n P\u00fablica.<\/p>\n<p>Son funciones de la Unidad de Transparencia: recibir y dar tr\u00e1mite a las solicitudes de acceso a la informaci\u00f3n y de datos personales (derechos ARCO), realizar los tr\u00e1mites al interior de la Financiera para el Bienestar para la atenci\u00f3n y elaboraci\u00f3n de las respuestas, as\u00ed como atender los procedimientos ante el \u00d3rgano de Trasparencia para el Pueblo.<\/p>\n<table width=\"497\">\n<tbody>\n<tr>\n<td width=\"209\"><strong>Horario de atenci\u00f3n de la Unidad<\/strong><\/td>\n<td width=\"288\">9 a 15:00 hrs<\/td>\n<\/tr>\n<tr>\n<td width=\"209\"><strong>Nombre del responsable de la atenci\u00f3n y operaci\u00f3n de la Unidad<\/strong><\/td>\n<td width=\"288\"><strong>Titular de la Unidad de Transparencia en Financiera para el Bienestar<\/strong><\/p>\n<p><strong>Lic. Juan Francisco Guti\u00e9rrez Motta<\/strong><br \/>\n<a href=\"mailto:juan.motta@finabien.gob.mx\">juan.motta@finabien.gob.mx<\/a><br \/>\nTel. 55 5090 1100 Ext. 2031<strong>\u00a0<\/strong><\/p>\n<p><strong>Mtra. Daniela Cruz Pineda<\/strong><br \/>\n<a href=\"mailto:daniela.cruz@finabien.gob.mx\">daniela.cruz@finabien.gob.mx<\/a><br \/>\nTel. 55 5090 1100 Ext. 2031<\/td>\n<\/tr>\n<tr>\n<td width=\"209\"><strong>M\u00f3dulo de Transparencia<br \/>\n<\/strong><\/td>\n<td width=\"288\">CENTROS TELECOMM I Av. de las Telecomunicaciones S\/N Col. Leyes de Reforma, Alcald\u00eda Iztapalapa C.P. 09310 Ciudad de M\u00e9xico<br \/>\n<a href=\"mailto:unidad.transparencia@finabien.gob.mx\">unidad.transparencia@finabien.gob.mx<\/a><\/td>\n<\/tr>\n<\/tbody>\n<\/table>\n<p>&nbsp;<\/p>\n<p><strong>Comit\u00e9 de Transparencia<\/strong><\/p>\n<table width=\"497\">\n<tbody>\n<tr>\n<td width=\"209\"><strong>Lic. Juan Francisco Guti\u00e9rrez Motta<\/strong><br \/>\n<a href=\"mailto:juan.motta@finabien.gob.mx\">juan.motta@finabien.gob.mx<\/a><br \/>\nTel. 555090-1100 Ext. 2031<\/td>\n<td width=\"288\">Titular de la Unidad de Transparencia<\/td>\n<\/tr>\n<tr>\n<td width=\"209\"><strong>Mtro. Mario Antonio de Le\u00f3n Urbieta<\/strong><br \/>\n<a href=\"mailto:mario.deleon@finabien.gob.mx\">mario.deleon@finabien.gob.mx<\/a><br \/>\nTel. 555090-1100 Ext. 1362<\/td>\n<td width=\"288\">Titular del \u00d3rgano Interno de Control en Financiera para el Bienestar<\/td>\n<\/tr>\n<tr>\n<td width=\"209\"><strong>Lcda. Fatima Stefany Olguin Rosales\u00a0 <\/strong><a href=\"mailto:fatima.olguin@finabien.gob.mx\">fatima.olguin@finabien.gob.mx<\/a><br \/>\nTel. 555090-1100 Ext. 1119<\/td>\n<td width=\"288\">Gerenta de Almacenes y Responsable del \u00c1rea Coordinadora de Archivos<\/td>\n<\/tr>\n<\/tbody>\n<\/table>\n<ul>\n<li style=\"list-style-type: none;\">\n<ul><!---li><a title=\"Criterios\" href=\"http:\/\/criteriosdeinterpretacion.inai.org.mx\/Pages\/default.aspx\" target=\"_blank\" rel=\"noopener noreferrer\">Criterios <\/a> Los criterios son emitidos por el IFAI.<\/li>\n\n\n \t\n\n<li><a title=\"Acuerdos\" href=\"https:\/\/finabien.gob.mx\/gobmx\/acuerdos\/\">Acuerdos<\/a><\/li>\n\n\n \t\n\n<li><a title=\"Resoluciones\" href=\"https:\/\/finabien.gob.mx\/gobmx\/seguimiento-de-solicitudes-de-informacion\/\" target=\"_self\" rel=\"noopener noreferrer\">Resoluciones<\/a><\/li>\n\n\n \t\n\n<li><a href=\"https:\/\/finabien.gob.mx\/gobmx\/calendario-de-dias-inhabiles\/\">Calendario de D\u00edas Inh\u00e1biles<\/a><\/li>\n\n\n \t\n\n<li><a href=\"https:\/\/finabien.gob.mx\/gobmx\/wp-content\/uploads\/2018\/10\/Relaci\u00f3n-de-Expedientes-Desclasificados-1\u00b0-de-Enero-al-23-de-Octubre-de-2018.xlsx\">\u00cdndice de Expedientes Desclasificados<\/a><\/li--><\/ul>\n<\/li>\n<\/ul>\n<p>&nbsp;<\/p>\n<p><strong>Obligaciones de Transparencia<\/strong><\/p>\n<p>Aqu\u00ed podr\u00e1s consultar el directorio, curr\u00edcula de personas servidoras p\u00fablicas, contrataciones, sueldos, presupuesto, entre otra informaci\u00f3n de Financiera para el Bienestar.<\/p>\n<p>&nbsp;<\/p>\n<p><a href=\"https:\/\/consultapublicamx.plataformadetransparencia.org.mx\/vut-web\/faces\/view\/consultaPublica.xhtml?idEntidad=MzM=&amp;idSujetoObligado=Mjkz#inicio\" target=\"_blank\" rel=\"noopener noreferrer\"><img fetchpriority=\"high\" decoding=\"async\" class=\"alignnone wp-image-1161\" src=\"https:\/\/finabien.gob.mx\/gobmx\/wp-content\/uploads\/2019\/11\/transparencia-2019.jpg\" alt=\"\" width=\"600\" height=\"300\" \/><\/a><\/p>\n<p><!---\n\n\n<ul>\n \t\n\n<li>Criterios. Generar la liga al apartado dentro del portal institucional en el que se encuentren disponibles al p\u00fablico los criterios emitidos por el Comit\u00e9 de Informaci\u00f3n de la instituci\u00f3n. En el caso de que no se hubieren emitido criterios \u00e9ste elemento deber\u00e1 vincular con los criterios emitidos por el INAI (<a href=\"http:\/\/inicio.ifai.org.mx\/SitePages\/Criterios\">http:\/\/inicio.ifai.org.mx\/SitePages\/Criterios<\/a>-emitidos-por-el-IFAI.aspx).<\/li>\n\n\n \t\n\n<li>Acuerdos. Generar la liga al apartado dentro del portal institucional en el que se encuentren alojados los acuerdos del Comit\u00e9 de Informaci\u00f3n de la instituci\u00f3n. En el caso de que dichos acuerdos formen parte de las resoluciones del propio Comit\u00e9, se deber\u00e1 direccionar a la liga correspondiente de la fracci\u00f3n XVII del Portal de Obligaciones de Transparencia (POT) de la instituci\u00f3n.<\/li>\n\n\n \t\n\n<li>Resoluciones. Generar la liga a la fracci\u00f3n XVII del POT de la instituci\u00f3n, en d\u00f3nde se encuentren alojadas las resoluciones del Comit\u00e9 de Informaci\u00f3n de la instituci\u00f3n.<\/li>\n\n\n<\/ul>\n\n\n--><br \/>\n<b>Solicitudes de acceso a la informaci\u00f3n<\/b><\/p>\n<p>Aqu\u00ed podr\u00e1s solicitar informaci\u00f3n p\u00fablica y de Derechos Arco (Acceso, Rectificaci\u00f3n, Cancelaci\u00f3n y Oposici\u00f3n a tus Datos Personales)<\/p>\n<ul>\n<li><a href=\"https:\/\/www.plataformadetransparencia.org.mx\/\">https:\/\/www.plataformadetransparencia.org.mx\/<\/a><\/li>\n<\/ul>\n<p><strong>Procedimiento de acceso a la informaci\u00f3n<\/strong><\/p>\n<p>\u00bfC\u00f3mo presentar una solicitud de informaci\u00f3n?<\/p>\n<ul>\n<li>A trav\u00e9s de la Plataforma Nacional de Transparencia, https:\/\/www.plataformadetransparencia.org.mx.<\/li>\n<li>De forma presencial, en la Unidad de Transparencia de la Financiera para el Bienestar.<\/li>\n<li>A los correos electr\u00f3nicos: <a href=\"mailto:unidad.transparencia@finabien.gob.mx\">unidad.transparencia@finabien.gob.mx<\/a>, <a href=\"mailto:daniela.cruz@finabien.gob.mx\">daniela.cruz@finabien.gob.mx<\/a>, y\/o <a href=\"mailto:miguel.alcantara@finabien.gob.mx\">miguel.alcantara@finabien.gob.mx<\/a><\/li>\n<\/ul>\n<p><strong>Indices de Expediente Clasificados como Reservados<\/strong><\/p>\n<ul>\n<li><a href=\"https:\/\/finabien.gob.mx\/gobmx\/wp-content\/uploads\/2025\/07\/INDICE-DE-EXPEDIENTES-RESERVADOS-1er.-SEMESTRE-FINABIEN 2025.xlsx\">\u00cdndice de Expedientes Reservados<\/a><\/li>\n<li><a href=\"http:\/\/criteriosdeinterpretacion.inai.org.mx\/Pages\/default.aspx\">Criterios de Interpretaci\u00f3n del INAI<\/a><\/li>\n<\/ul>\n","protected":false},"excerpt":{"rendered":"<p>Unidad de Transparencia La Unidad de Transparencia de la Financiera para el Bienestar se encuentra facultada para atender las funciones establecidas en el Art\u00edculo 42 de la Ley General de Transparencia y Acceso a la Informaci\u00f3n P\u00fablica. Son funciones de la Unidad de Transparencia: recibir y dar tr\u00e1mite a las solicitudes de acceso a la &hellip;<\/p>\n<p class=\"read-more\"> <a class=\"\" href=\"https:\/\/finabien.gob.mx\/gobmx\/acceso-a-la-informacion\/\"> <span class=\"screen-reader-text\">ACCESO A LA INFORMACI\u00d3N<\/span> Read More &raquo;<\/a><\/p>\n","protected":false},"author":4,"featured_media":0,"parent":0,"menu_order":0,"comment_status":"closed","ping_status":"closed","template":"","meta":{"site-sidebar-layout":"default","site-content-layout":"default","ast-global-header-display":"","ast-banner-title-visibility":"","ast-main-header-display":"","ast-hfb-above-header-display":"","ast-hfb-below-header-display":"","ast-hfb-mobile-header-display":"","site-post-title":"","ast-breadcrumbs-content":"","ast-featured-img":"","footer-sml-layout":"","theme-transparent-header-meta":"default","adv-header-id-meta":"","stick-header-meta":"","header-above-stick-meta":"","header-main-stick-meta":"","header-below-stick-meta":"","footnotes":""},"class_list":["post-900","page","type-page","status-publish","hentry"],"_links":{"self":[{"href":"https:\/\/finabien.gob.mx\/gobmx\/wp-json\/wp\/v2\/pages\/900","targetHints":{"allow":["GET"]}}],"collection":[{"href":"https:\/\/finabien.gob.mx\/gobmx\/wp-json\/wp\/v2\/pages"}],"about":[{"href":"https:\/\/finabien.gob.mx\/gobmx\/wp-json\/wp\/v2\/types\/page"}],"author":[{"embeddable":true,"href":"https:\/\/finabien.gob.mx\/gobmx\/wp-json\/wp\/v2\/users\/4"}],"replies":[{"embeddable":true,"href":"https:\/\/finabien.gob.mx\/gobmx\/wp-json\/wp\/v2\/comments?post=900"}],"version-history":[{"count":40,"href":"https:\/\/finabien.gob.mx\/gobmx\/wp-json\/wp\/v2\/pages\/900\/revisions"}],"predecessor-version":[{"id":9357,"href":"https:\/\/finabien.gob.mx\/gobmx\/wp-json\/wp\/v2\/pages\/900\/revisions\/9357"}],"wp:attachment":[{"href":"https:\/\/finabien.gob.mx\/gobmx\/wp-json\/wp\/v2\/media?parent=900"}],"curies":[{"name":"wp","href":"https:\/\/api.w.org\/{rel}","templated":true}]}}